{"id":13,"date":"2023-06-26T07:46:12","date_gmt":"2023-06-26T07:46:12","guid":{"rendered":"https:\/\/koda-advisory.pl\/pl\/?page_id=13"},"modified":"2023-12-28T22:06:26","modified_gmt":"2023-12-28T21:06:26","slug":"cookies","status":"publish","type":"page","link":"https:\/\/koda-advisory.pl\/pl\/cookies\/","title":{"rendered":"Cookies"},"content":{"rendered":"\n<header class=\"page-header section max-w-full\">\n<div class=\"page-header__inner-container inner-container is-root-container\">\n<h1 class=\"page-header__title heading max-w-wide\">Polityka Cookies<\/h1>\n<\/div>\n<\/header>\n\n\n\n<section class=\"page-content section max-w-full\">\n<div class=\"page-content__inner-container inner-container is-root-container\">\n<div class=\"page-content__sidebar container\">\n<div class=\"page-content__sidebar-content container\">\n<nav class=\"toc\"><ul class=\"toc__list\">\n<li class=\"toc__list-item\"><a href=\"#czym-sa-pliki-cookie\" class=\"toc__link js-toc-link\">Postanowienia og\u00f3lne<\/a><\/li>\n\n\n\n<li class=\"toc__list-item\"><a href=\"#jak-je-wykorzystujemy\" class=\"toc__link js-toc-link\">Definicje<\/a><\/li>\n\n\n\n<li class=\"toc__list-item\"><a href=\"#opcje-zarzadzania-plikami\" class=\"toc__link js-toc-link\">Cele cookies<\/a><\/li>\n\n\n\n<li class=\"toc__list-item\"><a href=\"#aktualizacje-polityki\" class=\"toc__link js-toc-link\">Narz\u0119dzia<\/a><\/li>\n\n\n\n<li class=\"toc__list-item\"><a href=\"#akceptacja\" class=\"toc__link js-toc-link\">Akceptacja lub zmiana ustawie\u0144<\/a><\/li>\n\n\n\n<li class=\"toc__list-item\"><a href=\"#kontakt-z-nami\" class=\"toc__link js-toc-link\">Postanowienia ko\u0144cowe<\/a><\/li>\n<\/ul><\/nav>\n<\/div>\n<\/div>\n\n\n\n<div class=\"page-content__main container\">\n<h2 class=\"heading h-36\">Polityka plik\u00f3w cookies<\/h2>\n\n\n\n<p class=\"text fs-18\">Obowi\u0105zuj\u0105ca od dnia 2024-01-01<\/p>\n\n\n\n<div class=\"separator mt-8 mb-8\"><span class=\"separator__line\"><\/span><\/div>\n\n\n\n<p class=\"text is-style-lead\">Celem niniejszej Polityki jest przedstawienie informacji na temat wykorzystywanych plik\u00f3w cookies, roli jak\u0105 odgrywaj\u0105 w dostarczaniu przez nas us\u0142ug oraz mo\u017cliwo\u015bci wyboru, kt\u00f3re posiadasz w zakresie zarz\u0105dzania ustawieniami plik\u00f3w cookies.<\/p>\n\n\n\n<h3 id=\"czym-sa-pliki-cookie\" class=\"heading h-24\">1. Postanowienia og\u00f3lne<\/h3>\n\n\n\n<p class=\"text\">W\u0142a\u015bcicielem Strony i Administratorem danych osobowych podawanych w trakcie korzystania z <strong>koda-advisory.pl<\/strong> jest <strong>Koda Advisory Sp.\u00a0 z o.o.<\/strong>, z siedzib\u0105 w Warszawie (03-291), ul. \u015aw. Wincentego 124\/94, KRS: 0000995600, REGON: 523324516, NIP: 5242952126, e-mail: <a href=\"mailto:rodo@koda-advisory.pl\">rodo@koda-advisory.pl<\/a>.<\/p>\n\n\n\n<p class=\"text\">Zasady przetwarzania danych osobowych zosta\u0142y udost\u0119pnione w Polityce Prywatno\u015bci RODO, dost\u0119pnej pod adresem:<strong> <a href=\"https:\/\/koda-advisory.pl\/pl\/privacy-policy\/\">https:\/\/koda-advisory.pl\/pl\/privacy-policy\/<\/a>.<\/strong><\/p>\n\n\n\n<p class=\"text\">Strona u\u017cywa plik\u00f3w cookies, aby dostarcza\u0107 us\u0142ugi i funkcje dostosowane do preferencji i potrzeb U\u017cytkownik\u00f3w strony, w szczeg\u00f3lno\u015bci pliki cookies pozwalaj\u0105 rozpozna\u0107 urz\u0105dzenie U\u017cytkownika i odpowiednio wy\u015bwietli\u0107 stron\u0119 internetow\u0105, dostosowan\u0105 do jego indywidualnych potrzeb.<\/p>\n\n\n\n<h3 id=\"jak-je-wykorzystujemy\" class=\"heading h-24\">2. Stosowne definicje<\/h3>\n\n\n\n<p class=\"text\"><strong>Cookies<\/strong> &#8211; ma\u0142e pliki, kt\u00f3re s\u0105 pobierane i przechowywane na komputerze lub innym urz\u0105dzeniu U\u017cytkownika, powi\u0105zanym z informacjami o sposobie u\u017cytkowania strony. <\/p>\n\n\n\n<p><strong>U\u017cytkownik<\/strong> &#8211; osoba, kt\u00f3ra dobrowolnie korzysta z us\u0142ug i tre\u015bci dost\u0119pnych w Serwisie, tj. przegl\u0105da strony Serwisu, rejestruje si\u0119, zapisuje si\u0119 na bezp\u0142atny newsletter lub kontaktuje si\u0119 z w\u0142a\u015bcicielem poprzez formularz kontaktowy.<\/p>\n\n\n\n<p><strong>Serwis<\/strong> &#8211; serwis dost\u0119pny pod adresem koda-advisory.pl,\u202fza pomoc\u0105 kt\u00f3rego U\u017cytkownik mo\u017ce przegl\u0105da\u0107 zawarto\u015b\u0107 strony, post\u00f3w blogowych, zapisa\u0107 si\u0119 na newsletter lub skontaktowa\u0107 si\u0119 z Administratorem danych osobowych.<\/p>\n\n\n\n<p><strong>Dane osobowe<\/strong> &#8211; wszelkie informacje, kt\u00f3re bez nadmiernego czasu i kosztu mog\u0105 doprowadzi\u0107 do identyfikacji osoby fizycznej, w tym jej dane identyfikacyjne, adresowe i kontaktowe.<\/p>\n\n\n\n<h3 id=\"opcje-zarzadzania-plikami\" class=\"heading h-24\">3. Cele cookies<\/h3>\n\n\n\n<p class=\"text\">Pliki cookies mog\u0105 mie\u0107 charakter tymczasowy, tj. s\u0105 usuwane z chwil\u0105 zamkni\u0119cia przegl\u0105darki, lub trwa\u0142y.<\/p>\n\n\n\n<p class=\"text\">Sta\u0142e pliki cookies s\u0105 przechowywane tak\u017ce po zako\u0144czeniu korzystania ze stron Serwisu i s\u0142u\u017c\u0105 do przechowywania informacji takich jak has\u0142o czy login, co przyspiesza i u\u0142atwia korzystanie ze stron, a tak\u017ce umo\u017cliwia zapami\u0119tanie wybranych przez U\u017cytkownika ustawie\u0144.<\/p>\n\n\n\n<p class=\"text\">Serwis wykorzystuje pliki cookies w nast\u0119puj\u0105cych celach:<\/p>\n\n\n\n<p>a\/ dostosowania zawarto\u015bci stron Serwisu do indywidualnych preferencji U\u017cytkownika oraz optymalizacji korzystania ze stron internetowych (wy\u015bwietlanie dostosowane do potrzeb &#8211; cookies funkcjonalne),\u00a0<\/p>\n\n\n\n<p>b\/ dokonania analiz i statystyk, kt\u00f3re dostarcz\u0105 informacji, w jaki spos\u00f3b U\u017cytkownik Serwisu korzysta ze stron, co umo\u017cliwia ulepszanie ich struktury i zawarto\u015bci,\u00a0<\/p>\n\n\n\n<p>c\/ marketingowych i\/lub remarketingowych, w tym kierowania dedykowanych tre\u015bci, w szczeg\u00f3lno\u015bci do U\u017cytkownik\u00f3w, kt\u00f3rzy odwiedzili stron\u0119 internetow\u0105 lub Fanpage Administratora danych osobowych na portalu spo\u0142eczno\u015bciowym Facebook i\/lub Instagram.<\/p>\n\n\n\n<h3 id=\"aktualizacje-polityki\" class=\"heading h-24\">4. Narz\u0119dzia zwi\u0105zane z gromadzeniem lub udost\u0119pnianiem cookies<\/h3>\n\n\n\n<p class=\"text\">W celu analizy ruchu na stronie Serwisu, \u017ar\u00f3d\u0142a ruchu, jak i optymalizacji dzia\u0142a\u0144 marketingowych zainstalowano na stronie:<\/p>\n\n\n\n<p class=\"text\"><strong>Google Analytics <\/strong>&#8211; narz\u0119dzie dostarczane przez Google LLC. 1600 Amphitheatre Parkway Mountain View, CA 94043, USA, co pozwala na analiz\u0119 ruchu U\u017cytkownika na stronie Serwisu i jego podstronach (kraj\/miasto, liczba odwiedzin, przegl\u0105dane strony, czas odwiedzin, etc.). G\u0142\u00f3wny plik cookie u\u017cywany przez Google Analytics, \u201e_ga&#8221;, umo\u017cliwia us\u0142udze rozr\u00f3\u017cnianie poszczeg\u00f3lnych U\u017cytkownik\u00f3w i\u202fdzia\u0142a przez 2\u202flata. Ka\u017cdy plik \u201e_ga\u201d jest unikalny dla konkretnej us\u0142ugi, wi\u0119c nie mo\u017cna go u\u017cy\u0107 do \u015bledzenia u\u017cytkownika lub przegl\u0105darki w\u202finnych, niepowi\u0105zanych witrynach. <\/p>\n\n\n\n<p>Ustawienia prywatno\u015bci w us\u0142ugach Google mog\u0105 zosta\u0107 zmienione przez U\u017cytkownika, wi\u0119cej informacji na: <a href=\"https:\/\/policies.google.com\/privacy\" target=\"_blank\" rel=\"noreferrer noopener\">https:\/\/policies.google.com\/privacy<\/a>\u00a0 W celu sta\u0142ego zablokowania cookies gromadzonych przez Google Analytics, U\u017cytkownik mo\u017ce skorzysta\u0107 z dodatku do przegl\u0105darki opracowanego i dostarczanego przez Google LLC na stronie: <a href=\"https:\/\/tools.google.com\/dlpage\/gaoptout\" target=\"_blank\" rel=\"noreferrer noopener\">https:\/\/tools.google.com\/dlpage\/gaoptout<\/a>.<\/p>\n\n\n\n<p><strong>Piksel Facebooka<\/strong> &#8211; narz\u0119dzie dostarczane przez Meta Platforms, Inc., Menlo Park,California\/Meta Platforms Ireland Limited (dawniej: Facebook Inc.),\u202fkt\u00f3re umo\u017cliwia pomiar, optymalizacj\u0119 i tworzenie niestandardowych grup odbiorc\u00f3w, pozwala na zbieranie informacji na temat korzystania przez U\u017cytkownika ze strony Serwisu i kierowanie do niego dedykowanych tre\u015bci w serwisie spo\u0142eczno\u015bciowym Facebook. W celu kontroli ustawie\u0144 prywatno\u015bci w tym serwisie spo\u0142eczno\u015bciowym U\u017cytkownik mo\u017ce dokona\u0107 w dowolnym momencie zmiany swoich preferencji i ustawie\u0144. Wi\u0119cej informacji na: <a href=\"https:\/\/www.facebook.com\/privacy\/\" target=\"_blank\" rel=\"noreferrer noopener\">https:\/\/www.facebook.com\/privacy\/<\/a>.<\/p>\n\n\n\n<p>Piksel Facebooka pozwala na tworzenie niestandardowych grup odbiorc\u00f3w i\/lub podobnych grup odbiorc\u00f3w do os\u00f3b, kt\u00f3re wchodzi\u0142y ju\u017c w interakcj\u0119 z Serwisem lub materia\u0142ami Administratora danych udost\u0119pnionymi na portalach spo\u0142eczno\u015bciowych Facebook i\/lub Instagram, prowadzonych przez Administratora danych, przy czym retencja danych dostarczanych przez piksel Facebooka w szczeg\u00f3lno\u015bci wynosi odpowiednio:<\/p>\n\n\n\n<p>a\/ witryna internetowa (Serwis) &#8211; maksymalnie 180 dni od interakcji z witryn\u0105<\/p>\n\n\n\n<p>b\/ fanpage na Facebooku &#8211; maksymalnie 365 dni od interakcji z kontem,<\/p>\n\n\n\n<p>c\/ film udost\u0119pniony na fanpage\u2019 u Administratora na Facebooku &#8211; maksymalnie 365 dni od interakcji z materia\u0142em,<\/p>\n\n\n\n<p>d\/ wydarzenia organizowane lub wsp\u00f3\u0142organizowane przez Administratora na fanpage\u2019u na Facebooku &#8211; maksymalnie 365 dni od interakcji z materia\u0142em.<\/p>\n\n\n\n<p><strong>Messenger Facebooka<\/strong> &#8211; narz\u0119dzie dostarczane przez Meta Platforms, Inc., Menlo Park,California\/Meta Platforms Ireland Limited (dawniej: Facebook Inc.),\u202fkt\u00f3re umo\u017cliwia kontaktowanie si\u0119 U\u017cytkownika z w\u0142a\u015bcicielem Serwisu poprzez Messenger w serwisie spo\u0142eczno\u015bciowym Facebook\/Instagram. Korzystanie z czatu Facebooka na stronie Serwisu jest dobrowolne. U\u017cytkownik mo\u017ce prowadzi\u0107 rozmow\u0119 jako go\u015b\u0107 lub zalogowa\u0107 si\u0119 na swoje konto w tym serwisie. Wi\u0119cej informacji na: <a href=\"https:\/\/www.facebook.com\/privacy\/\" target=\"_blank\" rel=\"noreferrer noopener\">https:\/\/www.facebook.com\/privacy\/<\/a>.<\/p>\n\n\n\n<p><strong>Wtyczk\u0119\/Widget Facebooka\/Instagrama<\/strong> &#8211; narz\u0119dzie umo\u017cliwiaj\u0105ce bezpo\u015brednie przej\u015bcie U\u017cytkownika na Fanpage Administratora danych, prowadzony na stronie portalu spo\u0142eczno\u015bciowego Facebook\/Instagram, prowadzonego na portalu dostarczanym przez Meta Platforms, Inc., Menlo Park,California\/Meta Platforms Ireland Limited (dawniej: Facebook Inc.). Po przej\u015bciu do serwisu spo\u0142eczno\u015bciowego Facebook i Instagram U\u017cytkownicy podlegaj\u0105 dodatkowo zasadom ochrony prywatno\u015bci, opisanym w tym serwisie, w szczeg\u00f3lno\u015bci na stronie: <a href=\"https:\/\/www.facebook.com\/privacy\/\" target=\"_blank\" rel=\"noreferrer noopener\">https:\/\/www.facebook.com\/privacy\/<\/a>.<\/p>\n\n\n\n<p><strong>Wtyczk\u0119\/Widget YouTube<\/strong> &#8211; umo\u017cliwia przej\u015bcie U\u017cytkownika do kana\u0142u YouTube\u00a0 &#8211; prowadzonego przez Administratora danych w tym serwisie. Narz\u0119dzie dostarczane przez Google LLC. 1600 Amphitheatre Parkway Mountain View, CA 94043, USA, kt\u00f3rego U\u017cytkownicy podlegaj\u0105 dodatkowo zasadom ochrony prywatno\u015bci, opisanym w tym serwisie, w szczeg\u00f3lno\u015bci na stronie: <a href=\"https:\/\/policies.google.com\/privacy\" target=\"_blank\" rel=\"noreferrer noopener\">https:\/\/policies.google.com\/privacy<\/a>.<\/p>\n\n\n\n<p>Przetwarzanie danych zawartych w cookies przez dostawc\u00f3w, kt\u00f3rych siedziby i\/lub serwery s\u0105 zlokalizowane w pa\u0144stwie trzecim, tj. na terenie Stan\u00f3w Zjednoczonych Ameryki (USA) b\u0119dzie si\u0119 wi\u0105za\u0107 z przekazaniem danych zawartych w cookies poza Europejski Obszar Gospodarczy (EOG). Przekazanie danych zawartych w cookies, w szczeg\u00f3lno\u015bci adres IP u\u017cytkownika odbywa si\u0119 na podstawie decyzji Komisji Europejskiej z 10 lipca 2023 r. stwierdzaj\u0105cej odpowiedni stopie\u0144 ochrony danych osobowych zapewniony przez tzw. &#8222;Ramy ochrony danych UE-USA\u201d (EU-US Data Privacy Framework) w stosunku do dostawc\u00f3w wpisanych na list\u0119 departamentu handlu USA, jak: Google LLC. 1600 Amphitheatre Parkway Mountain View, CA 94043, USA; Meta Platforms, Inc., Menlo Park, California, USA.<\/p>\n\n\n\n<h3 id=\"akceptacja\" class=\"heading h-24\">5. Akceptacja lub zmiana ustawie\u0144 cookies<\/h3>\n\n\n\n<p class=\"text\">U\u017cytkownik po wej\u015bciu na stron\u0119 Serwisu mo\u017ce zaakceptowa\u0107 stosowanie cookies w powy\u017cszych celach, odrzuci\u0107 je lub wyrazi\u0107 zgod\u0119 tylko na wybrane pliki cookies.<\/p>\n\n\n\n<p class=\"text\">U\u017cytkownik mo\u017ce w ka\u017cdej chwili tak\u017ce skasowa\u0107 i\/lub wy\u0142\u0105czy\u0107 cookies w przegl\u0105darce internetowej, z kt\u00f3rej korzysta podczas przegl\u0105dania Serwisu.<\/p>\n\n\n\n<p class=\"text\">Skasowanie lub wy\u0142\u0105czenie plik\u00f3w cookies mo\u017ce spowodowa\u0107 trudno\u015bci lub ograniczon\u0105 funkcjonalno\u015b\u0107 niekt\u00f3rych cz\u0119\u015bci Serwisu (dotyczy cookies funkcjonalnych). Niekt\u00f3re pliki cookies mog\u0105 by\u0107 bowiem niezb\u0119dne do prawid\u0142owego dzia\u0142ania stron Serwisu i wy\u015bwietlenia tre\u015bci na danym rodzaju urz\u0105dzenia.<\/p>\n\n\n\n<p class=\"text\">W celu zarz\u0105dzania cookies U\u017cytkownik mo\u017ce skorzysta\u0107 tak\u017ce z funkcji dost\u0119pnych w przegl\u0105darce, z kt\u00f3rej aktualnie korzysta. Instrukcje zarz\u0105dzania cookies dost\u0119pne s\u0105 na stronach dostawc\u00f3w przegl\u0105darek internetowych, w szczeg\u00f3lno\u015bci:<\/p>\n\n\n\n<p class=\"text\"><a href=\"https:\/\/support.google.com\/accounts\/answer\/61416?co=GENIE.Platform=Desktop&amp;hl=en\" target=\"_blank\" rel=\"noreferrer noopener\">Google Chrome &#8211; instrukcja<\/a><\/p>\n\n\n\n<p class=\"text\"><a href=\"https:\/\/support.microsoft.com\/pl-pl\/microsoft-edge\/usuwanie-plik%C3%B3w-cookie-w-przegl%C4%85darce-microsoft-edge-63947406-40ac-c3b8-57b9-2a946a29ae09\" target=\"_blank\" rel=\"noreferrer noopener\">Microsoft Edge &#8211; instrukcja<\/a><\/p>\n\n\n\n<p class=\"text\"><a href=\"https:\/\/support.mozilla.org\/en-US\/kb\/enhanced-tracking-protection-firefox-desktop?redirectslug=enable-and-disable-cookies-website-preferences&amp;redirectlocale=en-US\" target=\"_blank\" rel=\"noreferrer noopener\">Mozilla Firefox &#8211; instrukcja<\/a><\/p>\n\n\n\n<p class=\"text\"><a href=\"https:\/\/support.apple.com\/en-gb\/guide\/safari\/sfri11471\/mac\" target=\"_blank\" rel=\"noreferrer noopener\">Apple Safari &#8211; instrukcja<\/a><\/p>\n\n\n\n<h3 id=\"kontakt-z-nami\" class=\"heading h-24\">6. Postanowienia ko\u0144cowe<\/h3>\n\n\n\n<p class=\"text\">W przypadku zmiany obowi\u0105zuj\u0105cej Polityki cookies, w szczeg\u00f3lno\u015bci w sytuacji, gdy b\u0119d\u0105 tego wymaga\u0142y zastosowane rozwi\u0105zania techniczne lub zmiany przepis\u00f3w prawa w zakresie prywatno\u015bci U\u017cytkownik\u00f3w, wprowadzone zostan\u0105 odpowiednie modyfikacje do powy\u017cszego zapisu, kt\u00f3re b\u0119d\u0105 obowi\u0105zywa\u0107 po 14 dniach od dnia ich publikacji na stronach Serwisu.<\/p>\n<\/div>\n<\/div>\n<\/section>\n","protected":false},"excerpt":{"rendered":"","protected":false},"author":1,"featured_media":0,"parent":0,"menu_order":0,"comment_status":"closed","ping_status":"closed","template":"","meta":{"inline_featured_image":false,"footnotes":""},"class_list":["post-13","page","type-page","status-publish","hentry"],"yoast_head":"<!-- This site is optimized with the Yoast SEO plugin v24.8 - https:\/\/yoast.com\/wordpress\/plugins\/seo\/ -->\n<title>Cookies - Koda Advisory PL<\/title>\n<meta name=\"robots\" content=\"index, follow, max-snippet:-1, max-image-preview:large, max-video-preview:-1\" \/>\n<link rel=\"canonical\" href=\"https:\/\/koda-advisory.pl\/pl\/cookies\/\" \/>\n<meta property=\"og:locale\" content=\"pl_PL\" \/>\n<meta property=\"og:type\" content=\"article\" \/>\n<meta property=\"og:title\" content=\"Cookies - Koda Advisory PL\" \/>\n<meta property=\"og:url\" content=\"https:\/\/koda-advisory.pl\/pl\/cookies\/\" \/>\n<meta property=\"og:site_name\" content=\"Koda Advisory PL\" \/>\n<meta property=\"article:publisher\" content=\"https:\/\/www.facebook.com\/Koda.Advisory\/\" \/>\n<meta property=\"article:modified_time\" content=\"2023-12-28T21:06:26+00:00\" \/>\n<meta name=\"twitter:card\" content=\"summary_large_image\" \/>\n<meta name=\"twitter:label1\" content=\"Szacowany czas czytania\" \/>\n\t<meta name=\"twitter:data1\" content=\"7 minut\" \/>\n<script type=\"application\/ld+json\" class=\"yoast-schema-graph\">{\"@context\":\"https:\/\/schema.org\",\"@graph\":[{\"@type\":\"WebPage\",\"@id\":\"https:\/\/koda-advisory.pl\/pl\/cookies\/\",\"url\":\"https:\/\/koda-advisory.pl\/pl\/cookies\/\",\"name\":\"Cookies - Koda Advisory PL\",\"isPartOf\":{\"@id\":\"https:\/\/koda-advisory.pl\/pl\/#website\"},\"datePublished\":\"2023-06-26T07:46:12+00:00\",\"dateModified\":\"2023-12-28T21:06:26+00:00\",\"breadcrumb\":{\"@id\":\"https:\/\/koda-advisory.pl\/pl\/cookies\/#breadcrumb\"},\"inLanguage\":\"pl-PL\",\"potentialAction\":[{\"@type\":\"ReadAction\",\"target\":[\"https:\/\/koda-advisory.pl\/pl\/cookies\/\"]}]},{\"@type\":\"BreadcrumbList\",\"@id\":\"https:\/\/koda-advisory.pl\/pl\/cookies\/#breadcrumb\",\"itemListElement\":[{\"@type\":\"ListItem\",\"position\":1,\"name\":\"Home\",\"item\":\"https:\/\/koda-advisory.pl\/pl\/\"},{\"@type\":\"ListItem\",\"position\":2,\"name\":\"Cookies\"}]},{\"@type\":\"WebSite\",\"@id\":\"https:\/\/koda-advisory.pl\/pl\/#website\",\"url\":\"https:\/\/koda-advisory.pl\/pl\/\",\"name\":\"Koda Advisory PL\",\"description\":\"\",\"publisher\":{\"@id\":\"https:\/\/koda-advisory.pl\/pl\/#organization\"},\"potentialAction\":[{\"@type\":\"SearchAction\",\"target\":{\"@type\":\"EntryPoint\",\"urlTemplate\":\"https:\/\/koda-advisory.pl\/pl\/?s={search_term_string}\"},\"query-input\":{\"@type\":\"PropertyValueSpecification\",\"valueRequired\":true,\"valueName\":\"search_term_string\"}}],\"inLanguage\":\"pl-PL\"},{\"@type\":\"Organization\",\"@id\":\"https:\/\/koda-advisory.pl\/pl\/#organization\",\"name\":\"Koda Advisory\",\"url\":\"https:\/\/koda-advisory.pl\/pl\/\",\"logo\":{\"@type\":\"ImageObject\",\"inLanguage\":\"pl-PL\",\"@id\":\"https:\/\/koda-advisory.pl\/pl\/#\/schema\/logo\/image\/\",\"url\":\"https:\/\/koda-advisory.pl\/pl\/wp-content\/uploads\/sites\/2\/2023\/07\/logo-dark-blue.svg\",\"contentUrl\":\"https:\/\/koda-advisory.pl\/pl\/wp-content\/uploads\/sites\/2\/2023\/07\/logo-dark-blue.svg\",\"width\":1,\"height\":1,\"caption\":\"Koda Advisory\"},\"image\":{\"@id\":\"https:\/\/koda-advisory.pl\/pl\/#\/schema\/logo\/image\/\"},\"sameAs\":[\"https:\/\/www.facebook.com\/Koda.Advisory\/\",\"https:\/\/www.linkedin.com\/company\/99105218\"]}]}<\/script>\n<!-- \/ Yoast SEO plugin. -->","yoast_head_json":{"title":"Cookies - Koda Advisory PL","robots":{"index":"index","follow":"follow","max-snippet":"max-snippet:-1","max-image-preview":"max-image-preview:large","max-video-preview":"max-video-preview:-1"},"canonical":"https:\/\/koda-advisory.pl\/pl\/cookies\/","og_locale":"pl_PL","og_type":"article","og_title":"Cookies - Koda Advisory PL","og_url":"https:\/\/koda-advisory.pl\/pl\/cookies\/","og_site_name":"Koda Advisory PL","article_publisher":"https:\/\/www.facebook.com\/Koda.Advisory\/","article_modified_time":"2023-12-28T21:06:26+00:00","twitter_card":"summary_large_image","twitter_misc":{"Szacowany czas czytania":"7 minut"},"schema":{"@context":"https:\/\/schema.org","@graph":[{"@type":"WebPage","@id":"https:\/\/koda-advisory.pl\/pl\/cookies\/","url":"https:\/\/koda-advisory.pl\/pl\/cookies\/","name":"Cookies - Koda Advisory PL","isPartOf":{"@id":"https:\/\/koda-advisory.pl\/pl\/#website"},"datePublished":"2023-06-26T07:46:12+00:00","dateModified":"2023-12-28T21:06:26+00:00","breadcrumb":{"@id":"https:\/\/koda-advisory.pl\/pl\/cookies\/#breadcrumb"},"inLanguage":"pl-PL","potentialAction":[{"@type":"ReadAction","target":["https:\/\/koda-advisory.pl\/pl\/cookies\/"]}]},{"@type":"BreadcrumbList","@id":"https:\/\/koda-advisory.pl\/pl\/cookies\/#breadcrumb","itemListElement":[{"@type":"ListItem","position":1,"name":"Home","item":"https:\/\/koda-advisory.pl\/pl\/"},{"@type":"ListItem","position":2,"name":"Cookies"}]},{"@type":"WebSite","@id":"https:\/\/koda-advisory.pl\/pl\/#website","url":"https:\/\/koda-advisory.pl\/pl\/","name":"Koda Advisory PL","description":"","publisher":{"@id":"https:\/\/koda-advisory.pl\/pl\/#organization"},"potentialAction":[{"@type":"SearchAction","target":{"@type":"EntryPoint","urlTemplate":"https:\/\/koda-advisory.pl\/pl\/?s={search_term_string}"},"query-input":{"@type":"PropertyValueSpecification","valueRequired":true,"valueName":"search_term_string"}}],"inLanguage":"pl-PL"},{"@type":"Organization","@id":"https:\/\/koda-advisory.pl\/pl\/#organization","name":"Koda Advisory","url":"https:\/\/koda-advisory.pl\/pl\/","logo":{"@type":"ImageObject","inLanguage":"pl-PL","@id":"https:\/\/koda-advisory.pl\/pl\/#\/schema\/logo\/image\/","url":"https:\/\/koda-advisory.pl\/pl\/wp-content\/uploads\/sites\/2\/2023\/07\/logo-dark-blue.svg","contentUrl":"https:\/\/koda-advisory.pl\/pl\/wp-content\/uploads\/sites\/2\/2023\/07\/logo-dark-blue.svg","width":1,"height":1,"caption":"Koda Advisory"},"image":{"@id":"https:\/\/koda-advisory.pl\/pl\/#\/schema\/logo\/image\/"},"sameAs":["https:\/\/www.facebook.com\/Koda.Advisory\/","https:\/\/www.linkedin.com\/company\/99105218"]}]}},"_links":{"self":[{"href":"https:\/\/koda-advisory.pl\/pl\/wp-json\/wp\/v2\/pages\/13","targetHints":{"allow":["GET"]}}],"collection":[{"href":"https:\/\/koda-advisory.pl\/pl\/wp-json\/wp\/v2\/pages"}],"about":[{"href":"https:\/\/koda-advisory.pl\/pl\/wp-json\/wp\/v2\/types\/page"}],"author":[{"embeddable":true,"href":"https:\/\/koda-advisory.pl\/pl\/wp-json\/wp\/v2\/users\/1"}],"replies":[{"embeddable":true,"href":"https:\/\/koda-advisory.pl\/pl\/wp-json\/wp\/v2\/comments?post=13"}],"version-history":[{"count":3,"href":"https:\/\/koda-advisory.pl\/pl\/wp-json\/wp\/v2\/pages\/13\/revisions"}],"predecessor-version":[{"id":1629,"href":"https:\/\/koda-advisory.pl\/pl\/wp-json\/wp\/v2\/pages\/13\/revisions\/1629"}],"wp:attachment":[{"href":"https:\/\/koda-advisory.pl\/pl\/wp-json\/wp\/v2\/media?parent=13"}],"curies":[{"name":"wp","href":"https:\/\/api.w.org\/{rel}","templated":true}]}}