{"id":23,"date":"2023-06-26T07:47:15","date_gmt":"2023-06-26T07:47:15","guid":{"rendered":"https:\/\/koda-advisory.pl\/pl\/?page_id=23"},"modified":"2025-07-10T10:46:07","modified_gmt":"2025-07-10T08:46:07","slug":"contact-us","status":"publish","type":"page","link":"https:\/\/koda-advisory.pl\/pl\/contact-us\/","title":{"rendered":"Kontakt"},"content":{"rendered":"\n<header class=\"page-header section max-w-full\">\n<div class=\"page-header__inner-container inner-container is-root-container\">\n<h1 class=\"page-header__title heading max-w-wide\">Kontakt<\/h1>\n<\/div>\n<\/header>\n\n\n\n<section class=\"contact-boxes section max-w-full\">\n<div class=\"contact-boxes__inner-container inner-container is-root-container\">\n<div class=\"contact-boxes__wrapper container max-w-medium\">\n<div class=\"contact-box is-featured\"><div class=\"contact-box__content\"><h3 class=\"contact-box__title\">Doradztwo podatkowe<\/h3><a href=\"void(0)\" class=\"contact-box__contact\" data-encoded=\"dGVsOis0OCA2MDYgNzg0IDg2Ng==\"><span class=\"text-decoded\">Please enable JavaScript in your browser<\/span><span class=\"icon\"><svg xmlns=\"http:\/\/www.w3.org\/2000\/svg\" width=\"17.3\" height=\"17.26\" viewBox=\"0 0 17.3 17.26\">\n\t<path d=\"M12.929,17.258c-0.88,0-1.735-0.252-2.476-0.729c-3.852-2.6-7.117-5.855-9.717-9.688c-0.574-0.89-0.824-1.947-0.71-2.987 c0.115-1.04,0.588-2.018,1.332-2.752l0.533-0.544c0.763-0.747,2.03-0.737,2.773-0.01l2.338,2.339C7.37,3.26,7.57,3.749,7.57,4.267 c0,0.519-0.2,1.008-0.563,1.377c-0.067,0.067-0.116,0.139-0.15,0.22c-0.033,0.08-0.05,0.164-0.05,0.25s0.017,0.171,0.051,0.252 C6.891,6.446,6.94,6.519,7.002,6.58l3.688,3.686c0.244,0.24,0.684,0.246,0.939-0.004c0.738-0.725,2.012-0.727,2.752,0l2.348,2.324 c0.371,0.381,0.571,0.871,0.571,1.389c0,0.521-0.2,1.012-0.563,1.383l-0.563,0.551c-0.729,0.737-1.705,1.21-2.745,1.324 C13.262,17.25,13.095,17.258,12.929,17.258z M3.284,1.283c-0.178,0-0.345,0.069-0.473,0.193L2.28,2.019 C1.74,2.552,1.401,3.252,1.319,3.996c-0.082,0.744,0.097,1.5,0.502,2.128c2.499,3.683,5.646,6.821,9.348,9.319 c0.615,0.396,1.37,0.579,2.118,0.494c0.743-0.081,1.442-0.419,1.969-0.952l0.562-0.55C15.932,14.319,16,14.151,16,13.973 c0-0.178-0.067-0.344-0.192-0.473l-2.338-2.313c-0.247-0.241-0.682-0.241-0.931,0.002c-0.746,0.729-2.021,0.729-2.765,0.001 L6.085,7.501C5.903,7.322,5.759,7.109,5.658,6.869C5.557,6.627,5.506,6.374,5.506,6.115c0-0.259,0.051-0.512,0.151-0.752 c0.102-0.241,0.246-0.455,0.43-0.637c0.116-0.118,0.184-0.284,0.184-0.459c0-0.175-0.068-0.34-0.19-0.465l-2.33-2.33 C3.629,1.352,3.462,1.283,3.284,1.283z\" \/>\n<\/svg><\/span><\/a><a href=\"void(0)\" class=\"contact-box__contact\" data-encoded=\"bWFpbHRvOnRheGVzQGtvZGEtYWR2aXNvcnkucGw=\"><span class=\"text-decoded\">Please enable JavaScript in your browser<\/span><span class=\"icon\"><svg xmlns=\"http:\/\/www.w3.org\/2000\/svg\" width=\"17.3px\" height=\"15.3px\" viewBox=\"0 0 17.3 15.3\">\n\t<path d=\"M14.189,0H3.111C1.395,0,0,1.434,0,3.195v8.91C0,13.867,1.396,15.3,3.111,15.3h11.078c1.717,0,3.111-1.434,3.111-3.195 v-8.91C17.3,1.434,15.906,0,14.189,0z M3.111,1.3h11.078c1,0,1.811,0.851,1.811,1.896v1.053L8.65,7.923L1.3,4.248V3.195 C1.3,2.15,2.112,1.3,3.111,1.3z M14.189,14H3.111c-0.999,0-1.812-0.85-1.812-1.895V5.702l7.06,3.53C8.451,9.277,8.55,9.3,8.65,9.3 S8.849,9.277,8.94,9.232L16,5.702v6.403C16,13.15,15.189,14,14.189,14z\" \/>\n<\/svg><\/span><\/a><\/div><\/div>\n\n\n\n<div class=\"contact-box\"><div class=\"contact-box__content\"><h3 class=\"contact-box__title\">Ksi\u0119gowo\u015b\u0107 &amp; P\u0142ace<\/h3><a href=\"void(0)\" class=\"contact-box__contact\" data-encoded=\"dGVsOis0OCA1MDkgNDY1IDcyNw==\"><span class=\"text-decoded\">Please enable JavaScript in your browser<\/span><span class=\"icon\"><svg xmlns=\"http:\/\/www.w3.org\/2000\/svg\" width=\"17.3\" height=\"17.26\" viewBox=\"0 0 17.3 17.26\">\n\t<path d=\"M12.929,17.258c-0.88,0-1.735-0.252-2.476-0.729c-3.852-2.6-7.117-5.855-9.717-9.688c-0.574-0.89-0.824-1.947-0.71-2.987 c0.115-1.04,0.588-2.018,1.332-2.752l0.533-0.544c0.763-0.747,2.03-0.737,2.773-0.01l2.338,2.339C7.37,3.26,7.57,3.749,7.57,4.267 c0,0.519-0.2,1.008-0.563,1.377c-0.067,0.067-0.116,0.139-0.15,0.22c-0.033,0.08-0.05,0.164-0.05,0.25s0.017,0.171,0.051,0.252 C6.891,6.446,6.94,6.519,7.002,6.58l3.688,3.686c0.244,0.24,0.684,0.246,0.939-0.004c0.738-0.725,2.012-0.727,2.752,0l2.348,2.324 c0.371,0.381,0.571,0.871,0.571,1.389c0,0.521-0.2,1.012-0.563,1.383l-0.563,0.551c-0.729,0.737-1.705,1.21-2.745,1.324 C13.262,17.25,13.095,17.258,12.929,17.258z M3.284,1.283c-0.178,0-0.345,0.069-0.473,0.193L2.28,2.019 C1.74,2.552,1.401,3.252,1.319,3.996c-0.082,0.744,0.097,1.5,0.502,2.128c2.499,3.683,5.646,6.821,9.348,9.319 c0.615,0.396,1.37,0.579,2.118,0.494c0.743-0.081,1.442-0.419,1.969-0.952l0.562-0.55C15.932,14.319,16,14.151,16,13.973 c0-0.178-0.067-0.344-0.192-0.473l-2.338-2.313c-0.247-0.241-0.682-0.241-0.931,0.002c-0.746,0.729-2.021,0.729-2.765,0.001 L6.085,7.501C5.903,7.322,5.759,7.109,5.658,6.869C5.557,6.627,5.506,6.374,5.506,6.115c0-0.259,0.051-0.512,0.151-0.752 c0.102-0.241,0.246-0.455,0.43-0.637c0.116-0.118,0.184-0.284,0.184-0.459c0-0.175-0.068-0.34-0.19-0.465l-2.33-2.33 C3.629,1.352,3.462,1.283,3.284,1.283z\" \/>\n<\/svg><\/span><\/a><a href=\"void(0)\" class=\"contact-box__contact\" data-encoded=\"bWFpbHRvOmFjY291bnRpbmdAa29kYS1hZHZpc29yeS5wbA==\"><span class=\"text-decoded\">Please enable JavaScript in your browser<\/span><span class=\"icon\"><svg xmlns=\"http:\/\/www.w3.org\/2000\/svg\" width=\"17.3px\" height=\"15.3px\" viewBox=\"0 0 17.3 15.3\">\n\t<path d=\"M14.189,0H3.111C1.395,0,0,1.434,0,3.195v8.91C0,13.867,1.396,15.3,3.111,15.3h11.078c1.717,0,3.111-1.434,3.111-3.195 v-8.91C17.3,1.434,15.906,0,14.189,0z M3.111,1.3h11.078c1,0,1.811,0.851,1.811,1.896v1.053L8.65,7.923L1.3,4.248V3.195 C1.3,2.15,2.112,1.3,3.111,1.3z M14.189,14H3.111c-0.999,0-1.812-0.85-1.812-1.895V5.702l7.06,3.53C8.451,9.277,8.55,9.3,8.65,9.3 S8.849,9.277,8.94,9.232L16,5.702v6.403C16,13.15,15.189,14,14.189,14z\" \/>\n<\/svg><\/span><\/a><\/div><\/div>\n\n\n\n<div class=\"contact-box\"><div class=\"contact-box__content\"><h3 class=\"contact-box__title\">Finanse<\/h3><a href=\"void(0)\" class=\"contact-box__contact\" data-encoded=\"dGVsOis0OCA2OTIgODI4IDU4MQ==\"><span class=\"text-decoded\">Please enable JavaScript in your browser<\/span><span class=\"icon\"><svg xmlns=\"http:\/\/www.w3.org\/2000\/svg\" width=\"17.3\" height=\"17.26\" viewBox=\"0 0 17.3 17.26\">\n\t<path d=\"M12.929,17.258c-0.88,0-1.735-0.252-2.476-0.729c-3.852-2.6-7.117-5.855-9.717-9.688c-0.574-0.89-0.824-1.947-0.71-2.987 c0.115-1.04,0.588-2.018,1.332-2.752l0.533-0.544c0.763-0.747,2.03-0.737,2.773-0.01l2.338,2.339C7.37,3.26,7.57,3.749,7.57,4.267 c0,0.519-0.2,1.008-0.563,1.377c-0.067,0.067-0.116,0.139-0.15,0.22c-0.033,0.08-0.05,0.164-0.05,0.25s0.017,0.171,0.051,0.252 C6.891,6.446,6.94,6.519,7.002,6.58l3.688,3.686c0.244,0.24,0.684,0.246,0.939-0.004c0.738-0.725,2.012-0.727,2.752,0l2.348,2.324 c0.371,0.381,0.571,0.871,0.571,1.389c0,0.521-0.2,1.012-0.563,1.383l-0.563,0.551c-0.729,0.737-1.705,1.21-2.745,1.324 C13.262,17.25,13.095,17.258,12.929,17.258z M3.284,1.283c-0.178,0-0.345,0.069-0.473,0.193L2.28,2.019 C1.74,2.552,1.401,3.252,1.319,3.996c-0.082,0.744,0.097,1.5,0.502,2.128c2.499,3.683,5.646,6.821,9.348,9.319 c0.615,0.396,1.37,0.579,2.118,0.494c0.743-0.081,1.442-0.419,1.969-0.952l0.562-0.55C15.932,14.319,16,14.151,16,13.973 c0-0.178-0.067-0.344-0.192-0.473l-2.338-2.313c-0.247-0.241-0.682-0.241-0.931,0.002c-0.746,0.729-2.021,0.729-2.765,0.001 L6.085,7.501C5.903,7.322,5.759,7.109,5.658,6.869C5.557,6.627,5.506,6.374,5.506,6.115c0-0.259,0.051-0.512,0.151-0.752 c0.102-0.241,0.246-0.455,0.43-0.637c0.116-0.118,0.184-0.284,0.184-0.459c0-0.175-0.068-0.34-0.19-0.465l-2.33-2.33 C3.629,1.352,3.462,1.283,3.284,1.283z\" \/>\n<\/svg><\/span><\/a><a href=\"void(0)\" class=\"contact-box__contact\" data-encoded=\"bWFpbHRvOmZpbmFuY2VAa29kYS1hZHZpc29yeS5wbA==\"><span class=\"text-decoded\">Please enable JavaScript in your browser<\/span><span class=\"icon\"><svg xmlns=\"http:\/\/www.w3.org\/2000\/svg\" width=\"17.3px\" height=\"15.3px\" viewBox=\"0 0 17.3 15.3\">\n\t<path d=\"M14.189,0H3.111C1.395,0,0,1.434,0,3.195v8.91C0,13.867,1.396,15.3,3.111,15.3h11.078c1.717,0,3.111-1.434,3.111-3.195 v-8.91C17.3,1.434,15.906,0,14.189,0z M3.111,1.3h11.078c1,0,1.811,0.851,1.811,1.896v1.053L8.65,7.923L1.3,4.248V3.195 C1.3,2.15,2.112,1.3,3.111,1.3z M14.189,14H3.111c-0.999,0-1.812-0.85-1.812-1.895V5.702l7.06,3.53C8.451,9.277,8.55,9.3,8.65,9.3 S8.849,9.277,8.94,9.232L16,5.702v6.403C16,13.15,15.189,14,14.189,14z\" \/>\n<\/svg><\/span><\/a><\/div><\/div>\n<\/div>\n<\/div>\n<\/section>\n\n\n\n<section class=\"contact-map section max-w-full\">\n<div class=\"contact-map__inner-container inner-container is-root-container\">\n<div class=\"contact-map__content container max-w-medium\">\n<div class=\"contact-map__item container\">\n<h2 class=\"contact-map__item-title heading h-24\">Warszawa <\/h2>\n\n\n\n<p class=\"contact-map__item-text text\">Spektrum Tower<br>ul. Twarda 18<br>00-105 Warszawa<\/p>\n\n\n\n<figure class=\"contact-map__item-image image\"><a href=\"https:\/\/maps.app.goo.gl\/12BF3oFe7VUiLKi88\" class=\"inner-container\" rel=\"\"><img loading=\"lazy\" decoding=\"async\" src=\"https:\/\/koda-advisory.pl\/wp-content\/uploads\/2023\/11\/warsaw.jpg\" class=\"wp-image-1371\" width=\"588\" height=\"280\" \/><\/a><\/figure>\n\n\n\n<a href=\"https:\/\/maps.app.goo.gl\/12BF3oFe7VUiLKi88\" class=\"contact-map__item-button button is-left-aligned\" target=\"_blank\" rel=\"noopener noreferrer\"><span class=\"button__text\">Mapa<\/span><span class=\"button__icon\"><svg xmlns=\"http:\/\/www.w3.org\/2000\/svg\" width=\"11\" height=\"9\" viewBox=\"0 0 11 9\">\n\t<path d=\"M6.20299 0L5.35452 0.795937L8.70343 3.9375H0V5.0625H8.70343L5.35452 8.20406L6.20299 9L11 4.5L6.20299 0Z\" \/>\n<\/svg><\/span><span class=\"button__bg\"><\/span><\/a>\n<\/div>\n\n\n\n<div class=\"contact-map__item container\">\n<h2 class=\"contact-map__item-title heading h-24\">Pozna\u0144<\/h2>\n\n\n\n<p class=\"contact-map__item-text text\">Maraton Business Center<br>ul. Kr\u00f3lowej Jadwigi 43<br>61-871 Pozna\u0144<\/p>\n\n\n\n<figure class=\"contact-map__item-image image\"><a href=\"https:\/\/maps.app.goo.gl\/PjL4rLZSJDYoAaU96\" class=\"inner-container\" rel=\"\"><img loading=\"lazy\" decoding=\"async\" src=\"https:\/\/koda-advisory.pl\/wp-content\/uploads\/2023\/11\/poznan.jpg\" class=\"wp-image-1370\" width=\"588\" height=\"280\" \/><\/a><\/figure>\n\n\n\n<a href=\"https:\/\/maps.app.goo.gl\/PjL4rLZSJDYoAaU96\" class=\"contact-map__item-button button is-left-aligned\" target=\"_blank\" rel=\"noopener noreferrer\"><span class=\"button__text\">Mapa<\/span><span class=\"button__icon\"><svg xmlns=\"http:\/\/www.w3.org\/2000\/svg\" width=\"11\" height=\"9\" viewBox=\"0 0 11 9\">\n\t<path d=\"M6.20299 0L5.35452 0.795937L8.70343 3.9375H0V5.0625H8.70343L5.35452 8.20406L6.20299 9L11 4.5L6.20299 0Z\" \/>\n<\/svg><\/span><span class=\"button__bg\"><\/span><\/a>\n<\/div>\n<\/div>\n<\/div>\n<\/section>\n\n\n\n<section class=\"contact-us section max-w-full\">\n<div class=\"contact-us__inner-container inner-container is-root-container\">\n<div class=\"contact-us__content container max-w-medium\">\n<div class=\"contact-us__box container\">\n<h1 class=\"contact-us__box-title heading max-w-wide\">Skontaktuj si\u0119 z nami<\/h1>\n<\/div>\n\n\n\n<div class=\"contact-us__form container\">\n<div\n\tclass=\"contact-form\"\n\tid=\"contact_form_contact\"\n>\n\n\t\n\t\n\n\t<form class=\"form has-validation\" method=\"post\" action=\"https:\/\/koda-advisory.pl\/pl\/contact-us\/#contact_form_contact\" enctype=\"multipart\/form-data\">\n\n\t\t<div class=\"form-item form-item--name\">\n\t\t\t<label class=\"label\" for=\"contact_name\">\n\t\t\t\tImi\u0119 i nazwisko\t\t\t\t<span class=\"form-item__required\">*<\/span>\n\t\t\t<\/label>\n\t\t\t<input type=\"text\" class=\"input\" id=\"contact_name\" name=\"contactName\" value=\"\" autocomplete=\"off\" \/>\n\t\t\t\t\t<\/div>\n\n\t\t<div class=\"form-item form-item--email\">\n\t\t\t<label class=\"label\" for=\"contact_email\">\n\t\t\t\tEmail\t\t\t\t<span class=\"form-item__required\">*<\/span>\n\t\t\t<\/label>\n\t\t\t<input type=\"email\" class=\"input\" id=\"contact_email\" name=\"contactEmail\" value=\"\" autocomplete=\"off\" \/>\n\t\t\t\t\t<\/div>\n\n\t\t<div class=\"form-item form-item--phone\">\n\t\t\t<label class=\"label\" for=\"contact_phone\">\n\t\t\t\tNumer telefonu\t\t\t\t<span class=\"form-item__required\">*<\/span>\n\t\t\t<\/label>\n\t\t\t<input type=\"tel\" class=\"input\" id=\"contact_phone\" name=\"contactPhone\" value=\"\" autocomplete=\"off\" \/>\n\t\t\t\t\t<\/div>\n\n\t\t\n\t\t\n\t\t<div class=\"form-item form-item--message\">\n\t\t\t<label class=\"label\" for=\"contact_message\">\n\t\t\t\tWiadomo\u015b\u0107\t\t\t\t<span class=\"form-item__required\">*<\/span>\n\t\t\t<\/label>\n\t\t\t<textarea class=\"textarea\" id=\"contact_message\" name=\"contactMessage\" rows=\"8\" cols=\"30\" autocomplete=\"off\"><\/textarea>\n\t\t\t\t\t<\/div>\n\n\t\t<div class=\"form-item form-item--consent\">\n\t\t\t<label class=\"label for-checkbox\" for=\"contact_consent\">\n\t\t\t\tWyra\u017cam zgod\u0119 na przetwarzanie danych osobowych przez wyra\u017ane dzia\u0142ania potwierdzaj\u0105ce\t\t\t<\/label>\n\t\t\t<input type=\"checkbox\" class=\"input-checkbox\" id=\"contact_consent\" name=\"contactConsent\" value=\"0\"  \/>\n\t\t\t<span class=\"checkbox\"><\/span>\n\t\t\t\t\t<\/div>\n\n\t\t\t\t\t<div class=\"form-item form-item--data\">\n\t\t\t\t<label class=\"label\" for=\"contact_data\">\n\t\t\t\t\tKeep this field blank.\t\t\t\t<\/label>\n\t\t\t\t<input type=\"text\" class=\"input\" id=\"contact_data\" name=\"contactData\" value=\"\" autocomplete=\"off\" \/>\n\t\t\t<\/div>\n\t\t\n\t\t<div class=\"form-item form-item--submit\">\n\t\t\t<button type=\"submit\" class=\"button is-large\" name=\"contactSubmit\">\n\t\t\t\t<span class=\"button__text\">\n\t\t\t\t\tWY\u015aLIJ\t\t\t\t<\/span>\n\t\t\t\t<span class=\"button__icon\">\n\t\t\t\t\t<svg xmlns=\"http:\/\/www.w3.org\/2000\/svg\" width=\"11\" height=\"9\" viewBox=\"0 0 11 9\">\n\t\t\t\t<path d=\"M6.20299 0L5.35452 0.795937L8.70343 3.9375H0V5.0625H8.70343L5.35452 8.20406L6.20299 9L11 4.5L6.20299 0Z\" \/>\n\t\t\t<\/svg>\t\t\t\t<\/span>\n\t\t\t\t<span class=\"button__bg\"><\/span>\n\t\t\t<\/button>\n\t\t<\/div>\n\n\t<\/form>\n\t\n<\/div><\/div>\n<\/div>\n<\/div>\n<\/section>\n","protected":false},"excerpt":{"rendered":"","protected":false},"author":1,"featured_media":0,"parent":0,"menu_order":0,"comment_status":"closed","ping_status":"closed","template":"","meta":{"inline_featured_image":false,"footnotes":""},"class_list":["post-23","page","type-page","status-publish","hentry"],"yoast_head":"<!-- This site is optimized with the Yoast SEO plugin v24.8 - https:\/\/yoast.com\/wordpress\/plugins\/seo\/ -->\n<title>Kontakt - Koda Advisory PL<\/title>\n<meta name=\"robots\" content=\"index, follow, max-snippet:-1, max-image-preview:large, max-video-preview:-1\" \/>\n<link rel=\"canonical\" href=\"https:\/\/koda-advisory.pl\/pl\/contact-us\/\" \/>\n<meta property=\"og:locale\" content=\"pl_PL\" \/>\n<meta property=\"og:type\" content=\"article\" \/>\n<meta property=\"og:title\" content=\"Kontakt - Koda Advisory PL\" \/>\n<meta property=\"og:url\" content=\"https:\/\/koda-advisory.pl\/pl\/contact-us\/\" \/>\n<meta property=\"og:site_name\" content=\"Koda Advisory PL\" \/>\n<meta property=\"article:publisher\" content=\"https:\/\/www.facebook.com\/Koda.Advisory\/\" \/>\n<meta property=\"article:modified_time\" content=\"2025-07-10T08:46:07+00:00\" \/>\n<meta name=\"twitter:card\" content=\"summary_large_image\" \/>\n<meta name=\"twitter:label1\" content=\"Szacowany czas czytania\" \/>\n\t<meta name=\"twitter:data1\" content=\"1 minuta\" \/>\n<script type=\"application\/ld+json\" class=\"yoast-schema-graph\">{\"@context\":\"https:\/\/schema.org\",\"@graph\":[{\"@type\":\"WebPage\",\"@id\":\"https:\/\/koda-advisory.pl\/pl\/contact-us\/\",\"url\":\"https:\/\/koda-advisory.pl\/pl\/contact-us\/\",\"name\":\"Kontakt - Koda Advisory PL\",\"isPartOf\":{\"@id\":\"https:\/\/koda-advisory.pl\/pl\/#website\"},\"primaryImageOfPage\":{\"@id\":\"https:\/\/koda-advisory.pl\/pl\/contact-us\/#primaryimage\"},\"image\":{\"@id\":\"https:\/\/koda-advisory.pl\/pl\/contact-us\/#primaryimage\"},\"thumbnailUrl\":\"https:\/\/koda-advisory.pl\/wp-content\/uploads\/2023\/11\/warsaw.jpg\",\"datePublished\":\"2023-06-26T07:47:15+00:00\",\"dateModified\":\"2025-07-10T08:46:07+00:00\",\"breadcrumb\":{\"@id\":\"https:\/\/koda-advisory.pl\/pl\/contact-us\/#breadcrumb\"},\"inLanguage\":\"pl-PL\",\"potentialAction\":[{\"@type\":\"ReadAction\",\"target\":[\"https:\/\/koda-advisory.pl\/pl\/contact-us\/\"]}]},{\"@type\":\"ImageObject\",\"inLanguage\":\"pl-PL\",\"@id\":\"https:\/\/koda-advisory.pl\/pl\/contact-us\/#primaryimage\",\"url\":\"https:\/\/koda-advisory.pl\/wp-content\/uploads\/2023\/11\/warsaw.jpg\",\"contentUrl\":\"https:\/\/koda-advisory.pl\/wp-content\/uploads\/2023\/11\/warsaw.jpg\"},{\"@type\":\"BreadcrumbList\",\"@id\":\"https:\/\/koda-advisory.pl\/pl\/contact-us\/#breadcrumb\",\"itemListElement\":[{\"@type\":\"ListItem\",\"position\":1,\"name\":\"Home\",\"item\":\"https:\/\/koda-advisory.pl\/pl\/\"},{\"@type\":\"ListItem\",\"position\":2,\"name\":\"Kontakt\"}]},{\"@type\":\"WebSite\",\"@id\":\"https:\/\/koda-advisory.pl\/pl\/#website\",\"url\":\"https:\/\/koda-advisory.pl\/pl\/\",\"name\":\"Koda Advisory PL\",\"description\":\"\",\"publisher\":{\"@id\":\"https:\/\/koda-advisory.pl\/pl\/#organization\"},\"potentialAction\":[{\"@type\":\"SearchAction\",\"target\":{\"@type\":\"EntryPoint\",\"urlTemplate\":\"https:\/\/koda-advisory.pl\/pl\/?s={search_term_string}\"},\"query-input\":{\"@type\":\"PropertyValueSpecification\",\"valueRequired\":true,\"valueName\":\"search_term_string\"}}],\"inLanguage\":\"pl-PL\"},{\"@type\":\"Organization\",\"@id\":\"https:\/\/koda-advisory.pl\/pl\/#organization\",\"name\":\"Koda Advisory\",\"url\":\"https:\/\/koda-advisory.pl\/pl\/\",\"logo\":{\"@type\":\"ImageObject\",\"inLanguage\":\"pl-PL\",\"@id\":\"https:\/\/koda-advisory.pl\/pl\/#\/schema\/logo\/image\/\",\"url\":\"https:\/\/koda-advisory.pl\/pl\/wp-content\/uploads\/sites\/2\/2023\/07\/logo-dark-blue.svg\",\"contentUrl\":\"https:\/\/koda-advisory.pl\/pl\/wp-content\/uploads\/sites\/2\/2023\/07\/logo-dark-blue.svg\",\"width\":1,\"height\":1,\"caption\":\"Koda Advisory\"},\"image\":{\"@id\":\"https:\/\/koda-advisory.pl\/pl\/#\/schema\/logo\/image\/\"},\"sameAs\":[\"https:\/\/www.facebook.com\/Koda.Advisory\/\",\"https:\/\/www.linkedin.com\/company\/99105218\"]}]}<\/script>\n<!-- \/ Yoast SEO plugin. -->","yoast_head_json":{"title":"Kontakt - Koda Advisory PL","robots":{"index":"index","follow":"follow","max-snippet":"max-snippet:-1","max-image-preview":"max-image-preview:large","max-video-preview":"max-video-preview:-1"},"canonical":"https:\/\/koda-advisory.pl\/pl\/contact-us\/","og_locale":"pl_PL","og_type":"article","og_title":"Kontakt - Koda Advisory PL","og_url":"https:\/\/koda-advisory.pl\/pl\/contact-us\/","og_site_name":"Koda Advisory PL","article_publisher":"https:\/\/www.facebook.com\/Koda.Advisory\/","article_modified_time":"2025-07-10T08:46:07+00:00","twitter_card":"summary_large_image","twitter_misc":{"Szacowany czas czytania":"1 minuta"},"schema":{"@context":"https:\/\/schema.org","@graph":[{"@type":"WebPage","@id":"https:\/\/koda-advisory.pl\/pl\/contact-us\/","url":"https:\/\/koda-advisory.pl\/pl\/contact-us\/","name":"Kontakt - Koda Advisory PL","isPartOf":{"@id":"https:\/\/koda-advisory.pl\/pl\/#website"},"primaryImageOfPage":{"@id":"https:\/\/koda-advisory.pl\/pl\/contact-us\/#primaryimage"},"image":{"@id":"https:\/\/koda-advisory.pl\/pl\/contact-us\/#primaryimage"},"thumbnailUrl":"https:\/\/koda-advisory.pl\/wp-content\/uploads\/2023\/11\/warsaw.jpg","datePublished":"2023-06-26T07:47:15+00:00","dateModified":"2025-07-10T08:46:07+00:00","breadcrumb":{"@id":"https:\/\/koda-advisory.pl\/pl\/contact-us\/#breadcrumb"},"inLanguage":"pl-PL","potentialAction":[{"@type":"ReadAction","target":["https:\/\/koda-advisory.pl\/pl\/contact-us\/"]}]},{"@type":"ImageObject","inLanguage":"pl-PL","@id":"https:\/\/koda-advisory.pl\/pl\/contact-us\/#primaryimage","url":"https:\/\/koda-advisory.pl\/wp-content\/uploads\/2023\/11\/warsaw.jpg","contentUrl":"https:\/\/koda-advisory.pl\/wp-content\/uploads\/2023\/11\/warsaw.jpg"},{"@type":"BreadcrumbList","@id":"https:\/\/koda-advisory.pl\/pl\/contact-us\/#breadcrumb","itemListElement":[{"@type":"ListItem","position":1,"name":"Home","item":"https:\/\/koda-advisory.pl\/pl\/"},{"@type":"ListItem","position":2,"name":"Kontakt"}]},{"@type":"WebSite","@id":"https:\/\/koda-advisory.pl\/pl\/#website","url":"https:\/\/koda-advisory.pl\/pl\/","name":"Koda Advisory PL","description":"","publisher":{"@id":"https:\/\/koda-advisory.pl\/pl\/#organization"},"potentialAction":[{"@type":"SearchAction","target":{"@type":"EntryPoint","urlTemplate":"https:\/\/koda-advisory.pl\/pl\/?s={search_term_string}"},"query-input":{"@type":"PropertyValueSpecification","valueRequired":true,"valueName":"search_term_string"}}],"inLanguage":"pl-PL"},{"@type":"Organization","@id":"https:\/\/koda-advisory.pl\/pl\/#organization","name":"Koda Advisory","url":"https:\/\/koda-advisory.pl\/pl\/","logo":{"@type":"ImageObject","inLanguage":"pl-PL","@id":"https:\/\/koda-advisory.pl\/pl\/#\/schema\/logo\/image\/","url":"https:\/\/koda-advisory.pl\/pl\/wp-content\/uploads\/sites\/2\/2023\/07\/logo-dark-blue.svg","contentUrl":"https:\/\/koda-advisory.pl\/pl\/wp-content\/uploads\/sites\/2\/2023\/07\/logo-dark-blue.svg","width":1,"height":1,"caption":"Koda Advisory"},"image":{"@id":"https:\/\/koda-advisory.pl\/pl\/#\/schema\/logo\/image\/"},"sameAs":["https:\/\/www.facebook.com\/Koda.Advisory\/","https:\/\/www.linkedin.com\/company\/99105218"]}]}},"_links":{"self":[{"href":"https:\/\/koda-advisory.pl\/pl\/wp-json\/wp\/v2\/pages\/23","targetHints":{"allow":["GET"]}}],"collection":[{"href":"https:\/\/koda-advisory.pl\/pl\/wp-json\/wp\/v2\/pages"}],"about":[{"href":"https:\/\/koda-advisory.pl\/pl\/wp-json\/wp\/v2\/types\/page"}],"author":[{"embeddable":true,"href":"https:\/\/koda-advisory.pl\/pl\/wp-json\/wp\/v2\/users\/1"}],"replies":[{"embeddable":true,"href":"https:\/\/koda-advisory.pl\/pl\/wp-json\/wp\/v2\/comments?post=23"}],"version-history":[{"count":5,"href":"https:\/\/koda-advisory.pl\/pl\/wp-json\/wp\/v2\/pages\/23\/revisions"}],"predecessor-version":[{"id":3145,"href":"https:\/\/koda-advisory.pl\/pl\/wp-json\/wp\/v2\/pages\/23\/revisions\/3145"}],"wp:attachment":[{"href":"https:\/\/koda-advisory.pl\/pl\/wp-json\/wp\/v2\/media?parent=23"}],"curies":[{"name":"wp","href":"https:\/\/api.w.org\/{rel}","templated":true}]}}