{"id":235,"date":"2023-07-17T11:58:14","date_gmt":"2023-07-17T11:58:14","guid":{"rendered":"https:\/\/koda-advisory.pl\/pl\/services-2\/"},"modified":"2025-07-29T13:25:13","modified_gmt":"2025-07-29T11:25:13","slug":"services","status":"publish","type":"page","link":"https:\/\/koda-advisory.pl\/pl\/services\/","title":{"rendered":"Us\u0142ugi"},"content":{"rendered":"\n<header class=\"page-header section max-w-full\">\n<div class=\"page-header__inner-container inner-container is-root-container\">\n<h1 class=\"page-header__title heading max-w-wide\">Us\u0142ugi<\/h1>\n<\/div>\n<\/header>\n\n\n\n<section class=\"services section max-w-full\">\n<div class=\"services__inner-container inner-container is-root-container\">\n<div id=\"taxes\" class=\"services__row container max-w-medium\">\n<div class=\"services__content container\">\n<h1 id=\"\" class=\"services__title heading max-w-wide\">Podatki<\/h1>\n\n\n\n<ul class=\"list is-style-arrow\">\n<li class=\"list-item\"><span class=\"text\"><a href=\"https:\/\/koda-advisory.pl\/pl\/transactional-tax-advisory\/\" data-type=\"URL\">Transakcyjne doradztwo podatkowe<\/a><\/span><\/li>\n\n\n\n<li class=\"list-item\"><span class=\"text\"><a href=\"https:\/\/koda-advisory.pl\/pl\/on-going-tax-advisory\/\" data-type=\"URL\">Bie\u017c\u0105ce doradztwo podatkowe<\/a><\/span><\/li>\n\n\n\n<li class=\"list-item\"><span class=\"text\"><a href=\"\/pl\/international-tax-structuring\/\" data-type=\"URL\" data-id=\"\/management-accounting\/international-tax-structuring\/\">Mi\u0119dzynarodowe planowanie podatkow<\/a>e<\/span><\/li>\n\n\n\n<li class=\"list-item\"><span class=\"text\"><a href=\"https:\/\/koda-advisory.pl\/pl\/domestic-tax-structuring\/\" data-type=\"URL\">Krajowe planowanie podatkowe<\/a><\/span><\/li>\n\n\n\n<li class=\"list-item\"><span class=\"text\"><a href=\"https:\/\/koda-advisory.pl\/pl\/transfer-pricing\/\" data-type=\"URL\">Ceny transferowe<\/a><\/span><\/li>\n\n\n\n<li class=\"list-item\"><span class=\"text\"><a href=\"https:\/\/koda-advisory.pl\/pl\/tax-litigation\/\" data-type=\"URL\">Post\u0119powania podatkowe<\/a><\/span><\/li>\n<\/ul>\n<\/div>\n\n\n\n<figure class=\"services__image image align-right\"><img loading=\"lazy\" decoding=\"async\" src=\"https:\/\/koda-advisory.pl\/pl\/wp-content\/uploads\/sites\/2\/2023\/07\/widgety-001.jpg\" class=\"wp-image-701\" width=\"678\" height=\"489\" srcset=\"https:\/\/koda-advisory.pl\/pl\/wp-content\/uploads\/sites\/2\/2023\/07\/widgety-001.jpg 678w, https:\/\/koda-advisory.pl\/pl\/wp-content\/uploads\/sites\/2\/2023\/07\/widgety-001-256x185.jpg 256w, https:\/\/koda-advisory.pl\/pl\/wp-content\/uploads\/sites\/2\/2023\/07\/widgety-001-512x369.jpg 512w\" sizes=\"auto, (max-width: 678px) 100vw, 678px\" \/><\/figure>\n<\/div>\n\n\n\n<div id=\"accounting\" class=\"services__row container max-w-medium\">\n<div class=\"services__content container\">\n<h1 id=\"\" class=\"services__title heading max-w-wide\">Ksi\u0119gowo\u015b\u0107<\/h1>\n\n\n\n<ul class=\"list is-style-arrow\">\n<li class=\"list-item\"><span class=\"text\"><a href=\"\/pl\/property-accounting\/\" data-type=\"URL\">Ksi\u0119gowo\u015b\u0107 nieruch<\/a>omo\u015bci<\/span><\/li>\n\n\n\n<li class=\"list-item\"><span class=\"text\"><a href=\"\/pl\/fund-accounting\/\" data-type=\"URL\">Ksi\u0119gowo\u015b\u0107 funduszu<\/a><\/span><\/li>\n\n\n\n<li class=\"list-item\"><span class=\"text\"><a href=\"\/pl\/accounting\/\" data-type=\"URL\">Ksi\u0119gowo\u015b\u0107<\/a><\/span><\/li>\n\n\n\n<li class=\"list-item\"><span class=\"text\"><a href=\"\/pl\/management-accounting\/\" data-type=\"URL\" data-id=\"\/management-accounting\/\">Rachunkowo\u015b\u0107 zarz\u0105dcza<\/a><\/span><\/li>\n\n\n\n<li class=\"list-item\"><span class=\"text\"><a data-type=\"URL\" href=\"\/pl\/tax-compliance\/\">Rozliczenia podatkowe<\/a> <br>(Tax compliance)<\/span><\/li>\n\n\n\n<li class=\"list-item\"><span class=\"text\"><a href=\"\/pl\/FS-reporting\/\" data-type=\"URL\">Sprawozdania i raportowanie<\/a><\/span><\/li>\n<\/ul>\n<\/div>\n\n\n\n<figure class=\"services__image image align-center\"><img loading=\"lazy\" decoding=\"async\" src=\"https:\/\/koda-advisory.pl\/pl\/wp-content\/uploads\/sites\/2\/2023\/07\/widgety-002.jpg\" class=\"wp-image-702\" width=\"1183\" height=\"797\" srcset=\"https:\/\/koda-advisory.pl\/pl\/wp-content\/uploads\/sites\/2\/2023\/07\/widgety-002.jpg 1183w, https:\/\/koda-advisory.pl\/pl\/wp-content\/uploads\/sites\/2\/2023\/07\/widgety-002-768x517.jpg 768w, https:\/\/koda-advisory.pl\/pl\/wp-content\/uploads\/sites\/2\/2023\/07\/widgety-002-256x172.jpg 256w, https:\/\/koda-advisory.pl\/pl\/wp-content\/uploads\/sites\/2\/2023\/07\/widgety-002-1024x690.jpg 1024w, https:\/\/koda-advisory.pl\/pl\/wp-content\/uploads\/sites\/2\/2023\/07\/widgety-002-512x345.jpg 512w\" sizes=\"auto, (max-width: 1183px) 100vw, 1183px\" \/><\/figure>\n<\/div>\n\n\n\n<div id=\"payroll\" class=\"services__row container max-w-medium\">\n<div class=\"services__content container\">\n<h1 id=\"\" class=\"services__title heading max-w-wide\">P\u0142ace<\/h1>\n\n\n\n<ul class=\"list is-style-arrow\">\n<li class=\"list-item\"><span class=\"text\"><a href=\"\/pl\/payroll\/\" data-type=\"URL\">P\u0142ace<\/a><\/span><\/li>\n\n\n\n<li class=\"list-item\"><span class=\"text\"><a href=\"\/pl\/HR-services\/\" data-type=\"URL\">Kadry<\/a><\/span><\/li>\n<\/ul>\n<\/div>\n\n\n\n<figure class=\"services__image image align-left\"><img loading=\"lazy\" decoding=\"async\" src=\"https:\/\/koda-advisory.pl\/pl\/wp-content\/uploads\/sites\/2\/2023\/07\/widgety-003.jpg\" class=\"wp-image-703\" width=\"1155\" height=\"632\" srcset=\"https:\/\/koda-advisory.pl\/pl\/wp-content\/uploads\/sites\/2\/2023\/07\/widgety-003.jpg 1155w, https:\/\/koda-advisory.pl\/pl\/wp-content\/uploads\/sites\/2\/2023\/07\/widgety-003-768x420.jpg 768w, https:\/\/koda-advisory.pl\/pl\/wp-content\/uploads\/sites\/2\/2023\/07\/widgety-003-256x140.jpg 256w, https:\/\/koda-advisory.pl\/pl\/wp-content\/uploads\/sites\/2\/2023\/07\/widgety-003-1024x560.jpg 1024w, https:\/\/koda-advisory.pl\/pl\/wp-content\/uploads\/sites\/2\/2023\/07\/widgety-003-512x280.jpg 512w\" sizes=\"auto, (max-width: 1155px) 100vw, 1155px\" \/><\/figure>\n<\/div>\n\n\n\n<div id=\"financial_advisory\" class=\"services__row container max-w-medium\">\n<div class=\"services__content container\">\n<h1 id=\"\" class=\"services__title heading max-w-wide\">Doradztwo finansowe<\/h1>\n\n\n\n<ul class=\"list is-style-arrow\">\n<li class=\"list-item\"><span class=\"text\"><a href=\"https:\/\/koda-advisory.pl\/pl\/doradztwo-transakcyjne\/\">Doradztwo transakcyjne<\/a><\/span><\/li>\n\n\n\n<li class=\"list-item\"><span class=\"text\"><a data-type=\"URL\" href=\"\/pl\/HR-services\/\">Doradztwo finansowe <\/a><br><a href=\"https:\/\/koda-advisory.pl\/pl\/services\/doradztwo-finansowe-w-sektorze-nieruchomosci\/\">w sektorze nieruchomo\u015bci<\/a><\/span><\/li>\n\n\n\n<li class=\"list-item\"><span class=\"text\"><a data-type=\"URL\" href=\"\/pl\/HR-services\/\">Doradztwo strategiczne <\/a><br><a href=\"https:\/\/koda-advisory.pl\/pl\/doradztwo-strategiczne-i-po-transakcyjne\/\">i po-transakcyjne<\/a><\/span><\/li>\n\n\n\n<li class=\"list-item\"><span class=\"text\"><a href=\"https:\/\/koda-advisory.pl\/pl\/wyceny-i-modelowanie-finansowe\/\">Wyceny i modelowanie finansowe<\/a><\/span><\/li>\n<\/ul>\n<\/div>\n\n\n\n<figure class=\"services__image image align-left\"><img loading=\"lazy\" decoding=\"async\" src=\"https:\/\/koda-advisory.pl\/pl\/wp-content\/uploads\/sites\/2\/2025\/05\/KODA_GRAFIKA_x3.png\" class=\"wp-image-3054\" width=\"2250\" height=\"1500\" srcset=\"https:\/\/koda-advisory.pl\/pl\/wp-content\/uploads\/sites\/2\/2025\/05\/KODA_GRAFIKA_x3.png 2250w, https:\/\/koda-advisory.pl\/pl\/wp-content\/uploads\/sites\/2\/2025\/05\/KODA_GRAFIKA_x3-768x512.png 768w, https:\/\/koda-advisory.pl\/pl\/wp-content\/uploads\/sites\/2\/2025\/05\/KODA_GRAFIKA_x3-1280x853.png 1280w, https:\/\/koda-advisory.pl\/pl\/wp-content\/uploads\/sites\/2\/2025\/05\/KODA_GRAFIKA_x3-256x171.png 256w, https:\/\/koda-advisory.pl\/pl\/wp-content\/uploads\/sites\/2\/2025\/05\/KODA_GRAFIKA_x3-1024x683.png 1024w, https:\/\/koda-advisory.pl\/pl\/wp-content\/uploads\/sites\/2\/2025\/05\/KODA_GRAFIKA_x3-1536x1024.png 1536w, https:\/\/koda-advisory.pl\/pl\/wp-content\/uploads\/sites\/2\/2025\/05\/KODA_GRAFIKA_x3-2048x1365.png 2048w, https:\/\/koda-advisory.pl\/pl\/wp-content\/uploads\/sites\/2\/2025\/05\/KODA_GRAFIKA_x3-512x341.png 512w\" sizes=\"auto, (max-width: 2250px) 100vw, 2250px\" \/><\/figure>\n<\/div>\n\n\n\n<div id=\"other_services\" class=\"services__row container max-w-medium\">\n<div class=\"services__content container\">\n<h1 id=\"other-services\" class=\"services__title heading max-w-wide\">Us\u0142ugi pozosta\u0142e<\/h1>\n\n\n\n<ul class=\"list is-style-arrow\">\n<li class=\"list-item\"><span class=\"text\"><a href=\"\/pl\/cash-management\/\" data-type=\"URL\">Zarz\u0105dzanie \u015brodkami pieni\u0119\u017cnymi<\/a><\/span><\/li>\n\n\n\n<li class=\"list-item\"><span class=\"text\"><a href=\"\/pl\/directorship\/\" data-type=\"URL\">Us\u0142ugi dyrektorskie<\/a><\/span><\/li>\n<\/ul>\n<\/div>\n\n\n\n<figure class=\"services__image image align-right\"><img loading=\"lazy\" decoding=\"async\" src=\"https:\/\/koda-advisory.pl\/pl\/wp-content\/uploads\/sites\/2\/2023\/07\/widgety-004.jpg\" class=\"wp-image-704\" width=\"1163\" height=\"657\" srcset=\"https:\/\/koda-advisory.pl\/pl\/wp-content\/uploads\/sites\/2\/2023\/07\/widgety-004.jpg 1163w, https:\/\/koda-advisory.pl\/pl\/wp-content\/uploads\/sites\/2\/2023\/07\/widgety-004-768x434.jpg 768w, https:\/\/koda-advisory.pl\/pl\/wp-content\/uploads\/sites\/2\/2023\/07\/widgety-004-256x145.jpg 256w, https:\/\/koda-advisory.pl\/pl\/wp-content\/uploads\/sites\/2\/2023\/07\/widgety-004-1024x578.jpg 1024w, https:\/\/koda-advisory.pl\/pl\/wp-content\/uploads\/sites\/2\/2023\/07\/widgety-004-512x289.jpg 512w\" sizes=\"auto, (max-width: 1163px) 100vw, 1163px\" \/><\/figure>\n<\/div>\n<\/div>\n<\/section>\n\n\n\n<section class=\"columns section max-w-full\">\n<div class=\"columns__inner-container inner-container is-root-container\">\n<div class=\"columns__wrapper container max-w-medium\">\n<p class=\"text\">Jeste\u015bmy zespo\u0142em do\u015bwiadczonych doradc\u00f3w podatkowych i ksi\u0119gowych \u015bwiadcz\u0105cych wysokiej jako\u015bci us\u0142ugi. Dzi\u0119ki wieloletniemu do\u015bwiadczeniu w zakresie doradztwa podatkowego, us\u0142ug compliance, sprawozdawczo\u015bci finansowej, p\u0142ac i ksi\u0119gowo\u015bci, oferujemy kompleksowy zakres rozwi\u0105za\u0144 dostosowanych do konkretnych potrzeb. Naszym celem jest pomoc w poruszaniu si\u0119 po z\u0142o\u017conym \u015bwiecie podatk\u00f3w i ksi\u0119gowo\u015bci, aby\u015b m\u00f3g\u0142 skupi\u0107 si\u0119 na tym, co robisz najlepiej &#8211; prowadzeniu firmy. Skontaktuj si\u0119 z nami ju\u017c dzi\u015b, aby dowiedzie\u0107 si\u0119 wi\u0119cej o tym, jak mo\u017cemy wesprze\u0107 Tw\u00f3j sukces.<\/p>\n\n\n\n<p id=\"\/pl\/contact-us\/\" class=\"text\">Je\u015bli jeste\u015b zainteresowany innymi us\u0142ugami ni\u017c wymienione powy\u017cej, skontaktuj si\u0119 z nami i skorzystaj z naszej praktycznej wiedzy i do\u015bwiadczenia. <a href=\"\/pl\/contact-us\/\">Zbadajmy<\/a>, jak mo\u017cemy wsp\u00f3lnie znale\u017a\u0107 rozwi\u0105zanie. <\/p>\n<\/div>\n<\/div>\n<\/section>\n","protected":false},"excerpt":{"rendered":"","protected":false},"author":1,"featured_media":0,"parent":0,"menu_order":0,"comment_status":"closed","ping_status":"closed","template":"","meta":{"inline_featured_image":false,"footnotes":""},"class_list":["post-235","page","type-page","status-publish","hentry"],"yoast_head":"<!-- This site is optimized with the Yoast SEO plugin v24.8 - https:\/\/yoast.com\/wordpress\/plugins\/seo\/ -->\n<title>Us\u0142ugi - Koda Advisory PL<\/title>\n<meta name=\"robots\" content=\"index, follow, max-snippet:-1, max-image-preview:large, max-video-preview:-1\" \/>\n<link rel=\"canonical\" href=\"https:\/\/koda-advisory.pl\/pl\/services\/\" \/>\n<meta property=\"og:locale\" content=\"pl_PL\" \/>\n<meta property=\"og:type\" content=\"article\" \/>\n<meta property=\"og:title\" content=\"Us\u0142ugi - Koda Advisory PL\" \/>\n<meta property=\"og:url\" content=\"https:\/\/koda-advisory.pl\/pl\/services\/\" \/>\n<meta property=\"og:site_name\" content=\"Koda Advisory PL\" \/>\n<meta property=\"article:publisher\" content=\"https:\/\/www.facebook.com\/Koda.Advisory\/\" \/>\n<meta property=\"article:modified_time\" content=\"2025-07-29T11:25:13+00:00\" \/>\n<meta property=\"og:image\" content=\"https:\/\/koda-advisory.pl\/pl\/wp-content\/uploads\/sites\/2\/2023\/07\/widgety-001.jpg\" \/>\n\t<meta property=\"og:image:width\" content=\"678\" \/>\n\t<meta property=\"og:image:height\" content=\"489\" \/>\n\t<meta property=\"og:image:type\" content=\"image\/jpeg\" \/>\n<meta name=\"twitter:card\" content=\"summary_large_image\" \/>\n<meta name=\"twitter:label1\" content=\"Szacowany czas czytania\" \/>\n\t<meta name=\"twitter:data1\" content=\"2 minuty\" \/>\n<script type=\"application\/ld+json\" class=\"yoast-schema-graph\">{\"@context\":\"https:\/\/schema.org\",\"@graph\":[{\"@type\":\"WebPage\",\"@id\":\"https:\/\/koda-advisory.pl\/pl\/services\/\",\"url\":\"https:\/\/koda-advisory.pl\/pl\/services\/\",\"name\":\"Us\u0142ugi - Koda Advisory PL\",\"isPartOf\":{\"@id\":\"https:\/\/koda-advisory.pl\/pl\/#website\"},\"primaryImageOfPage\":{\"@id\":\"https:\/\/koda-advisory.pl\/pl\/services\/#primaryimage\"},\"image\":{\"@id\":\"https:\/\/koda-advisory.pl\/pl\/services\/#primaryimage\"},\"thumbnailUrl\":\"https:\/\/koda-advisory.pl\/pl\/wp-content\/uploads\/sites\/2\/2023\/07\/widgety-001.jpg\",\"datePublished\":\"2023-07-17T11:58:14+00:00\",\"dateModified\":\"2025-07-29T11:25:13+00:00\",\"breadcrumb\":{\"@id\":\"https:\/\/koda-advisory.pl\/pl\/services\/#breadcrumb\"},\"inLanguage\":\"pl-PL\",\"potentialAction\":[{\"@type\":\"ReadAction\",\"target\":[\"https:\/\/koda-advisory.pl\/pl\/services\/\"]}]},{\"@type\":\"ImageObject\",\"inLanguage\":\"pl-PL\",\"@id\":\"https:\/\/koda-advisory.pl\/pl\/services\/#primaryimage\",\"url\":\"https:\/\/koda-advisory.pl\/pl\/wp-content\/uploads\/sites\/2\/2023\/07\/widgety-001.jpg\",\"contentUrl\":\"https:\/\/koda-advisory.pl\/pl\/wp-content\/uploads\/sites\/2\/2023\/07\/widgety-001.jpg\",\"width\":678,\"height\":489},{\"@type\":\"BreadcrumbList\",\"@id\":\"https:\/\/koda-advisory.pl\/pl\/services\/#breadcrumb\",\"itemListElement\":[{\"@type\":\"ListItem\",\"position\":1,\"name\":\"Home\",\"item\":\"https:\/\/koda-advisory.pl\/pl\/\"},{\"@type\":\"ListItem\",\"position\":2,\"name\":\"Us\u0142ugi\"}]},{\"@type\":\"WebSite\",\"@id\":\"https:\/\/koda-advisory.pl\/pl\/#website\",\"url\":\"https:\/\/koda-advisory.pl\/pl\/\",\"name\":\"Koda Advisory PL\",\"description\":\"\",\"publisher\":{\"@id\":\"https:\/\/koda-advisory.pl\/pl\/#organization\"},\"potentialAction\":[{\"@type\":\"SearchAction\",\"target\":{\"@type\":\"EntryPoint\",\"urlTemplate\":\"https:\/\/koda-advisory.pl\/pl\/?s={search_term_string}\"},\"query-input\":{\"@type\":\"PropertyValueSpecification\",\"valueRequired\":true,\"valueName\":\"search_term_string\"}}],\"inLanguage\":\"pl-PL\"},{\"@type\":\"Organization\",\"@id\":\"https:\/\/koda-advisory.pl\/pl\/#organization\",\"name\":\"Koda Advisory\",\"url\":\"https:\/\/koda-advisory.pl\/pl\/\",\"logo\":{\"@type\":\"ImageObject\",\"inLanguage\":\"pl-PL\",\"@id\":\"https:\/\/koda-advisory.pl\/pl\/#\/schema\/logo\/image\/\",\"url\":\"https:\/\/koda-advisory.pl\/pl\/wp-content\/uploads\/sites\/2\/2023\/07\/logo-dark-blue.svg\",\"contentUrl\":\"https:\/\/koda-advisory.pl\/pl\/wp-content\/uploads\/sites\/2\/2023\/07\/logo-dark-blue.svg\",\"width\":1,\"height\":1,\"caption\":\"Koda Advisory\"},\"image\":{\"@id\":\"https:\/\/koda-advisory.pl\/pl\/#\/schema\/logo\/image\/\"},\"sameAs\":[\"https:\/\/www.facebook.com\/Koda.Advisory\/\",\"https:\/\/www.linkedin.com\/company\/99105218\"]}]}<\/script>\n<!-- \/ Yoast SEO plugin. -->","yoast_head_json":{"title":"Us\u0142ugi - Koda Advisory PL","robots":{"index":"index","follow":"follow","max-snippet":"max-snippet:-1","max-image-preview":"max-image-preview:large","max-video-preview":"max-video-preview:-1"},"canonical":"https:\/\/koda-advisory.pl\/pl\/services\/","og_locale":"pl_PL","og_type":"article","og_title":"Us\u0142ugi - Koda Advisory PL","og_url":"https:\/\/koda-advisory.pl\/pl\/services\/","og_site_name":"Koda Advisory PL","article_publisher":"https:\/\/www.facebook.com\/Koda.Advisory\/","article_modified_time":"2025-07-29T11:25:13+00:00","og_image":[{"width":678,"height":489,"url":"https:\/\/koda-advisory.pl\/pl\/wp-content\/uploads\/sites\/2\/2023\/07\/widgety-001.jpg","type":"image\/jpeg"}],"twitter_card":"summary_large_image","twitter_misc":{"Szacowany czas czytania":"2 minuty"},"schema":{"@context":"https:\/\/schema.org","@graph":[{"@type":"WebPage","@id":"https:\/\/koda-advisory.pl\/pl\/services\/","url":"https:\/\/koda-advisory.pl\/pl\/services\/","name":"Us\u0142ugi - Koda Advisory PL","isPartOf":{"@id":"https:\/\/koda-advisory.pl\/pl\/#website"},"primaryImageOfPage":{"@id":"https:\/\/koda-advisory.pl\/pl\/services\/#primaryimage"},"image":{"@id":"https:\/\/koda-advisory.pl\/pl\/services\/#primaryimage"},"thumbnailUrl":"https:\/\/koda-advisory.pl\/pl\/wp-content\/uploads\/sites\/2\/2023\/07\/widgety-001.jpg","datePublished":"2023-07-17T11:58:14+00:00","dateModified":"2025-07-29T11:25:13+00:00","breadcrumb":{"@id":"https:\/\/koda-advisory.pl\/pl\/services\/#breadcrumb"},"inLanguage":"pl-PL","potentialAction":[{"@type":"ReadAction","target":["https:\/\/koda-advisory.pl\/pl\/services\/"]}]},{"@type":"ImageObject","inLanguage":"pl-PL","@id":"https:\/\/koda-advisory.pl\/pl\/services\/#primaryimage","url":"https:\/\/koda-advisory.pl\/pl\/wp-content\/uploads\/sites\/2\/2023\/07\/widgety-001.jpg","contentUrl":"https:\/\/koda-advisory.pl\/pl\/wp-content\/uploads\/sites\/2\/2023\/07\/widgety-001.jpg","width":678,"height":489},{"@type":"BreadcrumbList","@id":"https:\/\/koda-advisory.pl\/pl\/services\/#breadcrumb","itemListElement":[{"@type":"ListItem","position":1,"name":"Home","item":"https:\/\/koda-advisory.pl\/pl\/"},{"@type":"ListItem","position":2,"name":"Us\u0142ugi"}]},{"@type":"WebSite","@id":"https:\/\/koda-advisory.pl\/pl\/#website","url":"https:\/\/koda-advisory.pl\/pl\/","name":"Koda Advisory PL","description":"","publisher":{"@id":"https:\/\/koda-advisory.pl\/pl\/#organization"},"potentialAction":[{"@type":"SearchAction","target":{"@type":"EntryPoint","urlTemplate":"https:\/\/koda-advisory.pl\/pl\/?s={search_term_string}"},"query-input":{"@type":"PropertyValueSpecification","valueRequired":true,"valueName":"search_term_string"}}],"inLanguage":"pl-PL"},{"@type":"Organization","@id":"https:\/\/koda-advisory.pl\/pl\/#organization","name":"Koda Advisory","url":"https:\/\/koda-advisory.pl\/pl\/","logo":{"@type":"ImageObject","inLanguage":"pl-PL","@id":"https:\/\/koda-advisory.pl\/pl\/#\/schema\/logo\/image\/","url":"https:\/\/koda-advisory.pl\/pl\/wp-content\/uploads\/sites\/2\/2023\/07\/logo-dark-blue.svg","contentUrl":"https:\/\/koda-advisory.pl\/pl\/wp-content\/uploads\/sites\/2\/2023\/07\/logo-dark-blue.svg","width":1,"height":1,"caption":"Koda Advisory"},"image":{"@id":"https:\/\/koda-advisory.pl\/pl\/#\/schema\/logo\/image\/"},"sameAs":["https:\/\/www.facebook.com\/Koda.Advisory\/","https:\/\/www.linkedin.com\/company\/99105218"]}]}},"_links":{"self":[{"href":"https:\/\/koda-advisory.pl\/pl\/wp-json\/wp\/v2\/pages\/235","targetHints":{"allow":["GET"]}}],"collection":[{"href":"https:\/\/koda-advisory.pl\/pl\/wp-json\/wp\/v2\/pages"}],"about":[{"href":"https:\/\/koda-advisory.pl\/pl\/wp-json\/wp\/v2\/types\/page"}],"author":[{"embeddable":true,"href":"https:\/\/koda-advisory.pl\/pl\/wp-json\/wp\/v2\/users\/1"}],"replies":[{"embeddable":true,"href":"https:\/\/koda-advisory.pl\/pl\/wp-json\/wp\/v2\/comments?post=235"}],"version-history":[{"count":5,"href":"https:\/\/koda-advisory.pl\/pl\/wp-json\/wp\/v2\/pages\/235\/revisions"}],"predecessor-version":[{"id":3221,"href":"https:\/\/koda-advisory.pl\/pl\/wp-json\/wp\/v2\/pages\/235\/revisions\/3221"}],"wp:attachment":[{"href":"https:\/\/koda-advisory.pl\/pl\/wp-json\/wp\/v2\/media?parent=235"}],"curies":[{"name":"wp","href":"https:\/\/api.w.org\/{rel}","templated":true}]}}