{"id":2868,"date":"2025-07-10T12:03:57","date_gmt":"2025-07-10T10:03:57","guid":{"rendered":"https:\/\/koda-advisory.pl\/pl\/?page_id=2868"},"modified":"2025-07-22T09:05:44","modified_gmt":"2025-07-22T07:05:44","slug":"doradztwo-transakcyjne","status":"publish","type":"page","link":"https:\/\/koda-advisory.pl\/pl\/services\/doradztwo-transakcyjne\/","title":{"rendered":"Doradztwo transakcyjne"},"content":{"rendered":"\n<header class=\"page-header section max-w-full\">\n<div class=\"page-header__inner-container inner-container is-root-container\">\n<h1 class=\"page-header__heading heading max-w-wide h-96\">Doradztwo transakcyjne<\/h1>\n<\/div>\n<\/header>\n\n\n\n<section class=\"management section max-w-full\">\n<div class=\"management__inner-container inner-container is-root-container\">\n<h2 class=\"management__title heading max-w-medium\">Nasze doradztwo transakcyjne wykracza poza dostarczanie tylko due diligence i strukturalizacj\u0119 transakcji:<\/h2>\n\n\n\n<div class=\"management__list container max-w-medium\">\n<p class=\"management__list-item text\">Badanie due diligence po stronie kupuj\u0105cego i sprzedaj\u0105cego (share deals, asset deals, enterprise deals)<\/p>\n\n\n\n<p class=\"management__list-item text\">Analiza um\u00f3w transakcyjnych (PSPA, SPA, side letters itp.)<\/p>\n\n\n\n<p class=\"management__list-item text\">Alokacja ceny nabycia (PPA) i kalkulacja ceny zakupu<\/p>\n\n\n\n<p class=\"management__list-item text\">Przegl\u0105d i korekty rachunk\u00f3w zamkni\u0119cia transakcji<\/p>\n\n\n\n<p class=\"management__list-item text\">Doradztwo w zakresie fuzji i przej\u0119\u0107 (M&amp;A) oraz strukturyzacji transakcji<\/p>\n\n\n\n<p class=\"management__list-item text\">Wsparcie w negocjacjach w zakresie kwestii finansowych <\/p>\n\n\n\n<p class=\"management__list-item text\">Kalkulacje przep\u0142ywu \u015brodk\u00f3w (flow of funds) <\/p>\n<\/div>\n\n\n\n<div class=\"management__row container max-w-medium\">\n<figure class=\"management__image image\"><img loading=\"lazy\" decoding=\"async\" src=\"https:\/\/koda-advisory.pl\/wp-content\/uploads\/2025\/06\/MZA-strona.jpg\" alt=\"Transactional Financial Advisory\" class=\"wp-image-2929\" width=\"1122\" height=\"1010\" \/><\/figure>\n\n\n\n<div class=\"management__content container\">\n<p class=\"management__text text\">\u015aci\u015ble wsp\u00f3\u0142pracujemy z klientem, aby zapewni\u0107 dostosowanie ka\u017cdego etapu transakcji do jego cel\u00f3w strategicznych. Nasze wsparcie nie ko\u0144czy si\u0119 jednak na samej transakcji &#8211; oferujemy r\u00f3wnie\u017c pomoc po jej zako\u0144czeniu, w tym us\u0142ugi ksi\u0119gowe, p\u0142acowe i doradztwa podatkowego.<\/p>\n\n\n\n<a href=\"\/pl\/\/transactional-tax-advisory\/\" class=\"management__button button is-style-transparent is-left-aligned\" target=\"_self\" rel=\"noopener noreferrer\"><span class=\"button__text\">Wi\u0119cej<\/span><span class=\"button__icon\"><svg xmlns=\"http:\/\/www.w3.org\/2000\/svg\" width=\"11\" height=\"9\" viewBox=\"0 0 11 9\">\n\t<path d=\"M6.20299 0L5.35452 0.795937L8.70343 3.9375H0V5.0625H8.70343L5.35452 8.20406L6.20299 9L11 4.5L6.20299 0Z\" \/>\n<\/svg><\/span><\/a>\n<\/div>\n<\/div>\n<\/div>\n<\/section>\n\n\n\n<section class=\"boxes section max-w-full\">\n<div class=\"boxes__inner-container inner-container is-root-container\">\n<h2 class=\"boxes__title heading max-w-wide\">Zobacz pozosta\u0142e us\u0142ugi finansowe<\/h2>\n\n\n\n<div class=\"boxes__slider container max-w-medium\">\n<div class=\"slider splide js-slider has-progress-bar has-arrows\" data-splide=\"{ &quot;type&quot;: &quot;slide&quot;, &quot;pagination&quot;: false, &quot;breakpoints&quot;: { &quot;1280&quot;: { &quot;perPage&quot;: 4, &quot;perMove&quot;: 4 }, &quot;960&quot;: { &quot;perPage&quot;: 4, &quot;perMove&quot;: 4 }, &quot;640&quot;: { &quot;perPage&quot;: 3, &quot;perMove&quot;: 3 }, &quot;1&quot;: { &quot;perPage&quot;: 2, &quot;perMove&quot;: 2 } } }\"><div class=\"splide__track items-2 sm\/items-3 md\/items-4 gaps-2\"><div class=\"splide__list\">\n<div class=\"slider-item splide__slide\">\n<div class=\"boxes__boxes container\">\n<div class=\"boxes__box container\">\n<h2 class=\"boxes__box-title heading\"><a href=\"https:\/\/koda-advisory.pl\/pl\/wyceny-i-modelowanie-finansowe\/\">Wyceny i modelowanie finansowe<\/a><\/h2>\n\n\n\n<a href=\"\/\/koda-advisory.pl\/pl\/wyceny-i-modelowanie-finansowe\/\" class=\"boxes__box-link link\" target=\"_self\" rel=\"noopener noreferrer\"><span class=\"link__icon\"><svg xmlns=\"http:\/\/www.w3.org\/2000\/svg\" width=\"11\" height=\"9\" viewBox=\"0 0 11 9\">\n\t<path d=\"M6.20299 0L5.35452 0.795937L8.70343 3.9375H0V5.0625H8.70343L5.35452 8.20406L6.20299 9L11 4.5L6.20299 0Z\" \/>\n<\/svg><\/span><\/a>\n<\/div>\n<\/div>\n<\/div>\n\n\n\n<div class=\"slider-item splide__slide\">\n<div class=\"boxes__boxes container\">\n<div class=\"boxes__box container\">\n<h2 class=\"boxes__box-title heading\"><a href=\"https:\/\/koda-advisory.pl\/pl\/doradztwo-finansowe-w-sektorze-nieruchomosci\/\">Doradztwo finansowe<br>w sektorze nieruchomo\u015bci<\/a><\/h2>\n\n\n\n<a href=\"\/\/koda-advisory.pl\/pl\/doradztwo-finansowe-w-sektorze-nieruchomosci\/\" class=\"boxes__box-link link\" target=\"_self\" rel=\"noopener noreferrer\"><span class=\"link__icon\"><svg xmlns=\"http:\/\/www.w3.org\/2000\/svg\" width=\"11\" height=\"9\" viewBox=\"0 0 11 9\">\n\t<path d=\"M6.20299 0L5.35452 0.795937L8.70343 3.9375H0V5.0625H8.70343L5.35452 8.20406L6.20299 9L11 4.5L6.20299 0Z\" \/>\n<\/svg><\/span><\/a>\n<\/div>\n<\/div>\n<\/div>\n\n\n\n<div class=\"slider-item splide__slide\">\n<div class=\"boxes__boxes container\">\n<div class=\"boxes__box container\">\n<h2 class=\"boxes__box-title heading\"><a href=\"https:\/\/koda-advisory.pl\/pl\/doradztwo-strategiczne-i-po-transakcyjne\/\">Doradztwo strategiczne<\/a><br><a href=\"https:\/\/koda-advisory.pl\/pl\/HR-services\/\">i po-transakcyjne<\/a><\/h2>\n\n\n\n<a href=\"https:\/\/koda-advisory.pl\/pl\/doradztwo-strategiczne-i-po-transakcyjne\/\" class=\"boxes__box-link link\" target=\"_self\" rel=\"noopener noreferrer\"><span class=\"link__icon\"><svg xmlns=\"http:\/\/www.w3.org\/2000\/svg\" width=\"11\" height=\"9\" viewBox=\"0 0 11 9\">\n\t<path d=\"M6.20299 0L5.35452 0.795937L8.70343 3.9375H0V5.0625H8.70343L5.35452 8.20406L6.20299 9L11 4.5L6.20299 0Z\" \/>\n<\/svg><\/span><\/a>\n<\/div>\n<\/div>\n<\/div>\n<\/div><\/div><div class=\"splide__progress\" role=\"presentation\"><div class=\"splide__progress-bar\"><\/div><\/div><nav class=\"splide__navigation\"><div class=\"splide__arrows\"><button class=\"splide__arrow splide__arrow--prev icon-button\"><span class=\"screen-reader-text\">Previous slide<\/span><span class=\"icon-button__icon\"><svg xmlns=\"http:\/\/www.w3.org\/2000\/svg\" width=\"11\" height=\"9\" viewBox=\"0 0 11 9\">\n\t<path d=\"M4.79701 9L5.64548 8.20406L2.29657 5.0625L11 5.0625L11 3.9375L2.29657 3.9375L5.64548 0.795938L4.79701 -5.42283e-07L3.93402e-07 4.5L4.79701 9Z\" \/>\n<\/svg><\/span><\/button><button class=\"splide__arrow splide__arrow--next icon-button\"><span class=\"screen-reader-text\">Next slide<\/span><span class=\"icon-button__icon\"><svg xmlns=\"http:\/\/www.w3.org\/2000\/svg\" width=\"11\" height=\"9\" viewBox=\"0 0 11 9\">\n\t<path d=\"M6.20299 0L5.35452 0.795937L8.70343 3.9375H0V5.0625H8.70343L5.35452 8.20406L6.20299 9L11 4.5L6.20299 0Z\" \/>\n<\/svg><\/span><\/button><\/div><\/nav><\/div>\n<\/div>\n<\/div>\n<\/section>\n\n\n\n<div class=\"separator mt-8 mb-8\"><span class=\"separator__line\"><\/span><\/div>\n\n\n\n<header class=\"page-header section max-w-full\">\n<div class=\"page-header__inner-container inner-container is-root-container\">\n<h2 class=\"page-header__heading heading max-w-wide h-96\">Dlaczego nasze Finanse?<\/h2>\n<\/div>\n<\/header>\n\n\n\n<section class=\"management section max-w-full\">\n<div class=\"management__inner-container inner-container is-root-container\">\n<h3 class=\"management__title heading max-w-medium\">Maksymalizacja zwrotu z inwestycji i rentowno\u015bci<\/h3>\n\n\n\n<p class=\"management__text text\">Nasze wyceny, modelowanie finansowe oraz analizy inwestycyjne wspieraj\u0105 d\u0142ugoterminowe budowanie warto\u015bci, optymalizuj\u0105c rentowno\u015b\u0107 i maksymalizuj\u0105c zwrot z inwestycji.<\/p>\n\n\n\n<div class=\"separator mt-8 mb-8\"><span class=\"separator__line\"><\/span><\/div>\n\n\n\n<h3 class=\"management__title heading max-w-medium\">Zwi\u0119kszenie bezpiecze\u0144stwa transakcyjnego i finansowego<\/h3>\n\n\n\n<p class=\"management__text text\">Wspieramy klient\u00f3w na ka\u017cdym etapie procesu transakcyjnego \u2014 przy przej\u0119ciach, sprzeda\u017cy aktyw\u00f3w, refinansowaniu i pozyskiwaniu kapita\u0142u \u2014 poprzez rzetelne badania due diligence finansowe i forensic. Nasza ekspertyza minimalizuje ryzyko inwestycyjne, zwi\u0119ksza pewno\u015b\u0107 realizacji transakcji i zapewnia przewidywalno\u015b\u0107 wynik\u00f3w finansowych.<\/p>\n\n\n\n<div class=\"separator mt-8 mb-8\"><span class=\"separator__line\"><\/span><\/div>\n\n\n\n<h3 class=\"management__title heading max-w-medium\">Optymalizacja efektywno\u015bci kosztowej i wynik\u00f3w finansowych<\/h3>\n\n\n\n<p class=\"management__text text\">Dzi\u0119ki szczeg\u00f3\u0142owej analizie finansowej, w tym audytom koszt\u00f3w serwisowych, benchmarkingu rynkowemu oraz przegl\u0105dom koszt\u00f3w operacyjnych, pomagamy firmom eliminowa\u0107 nieefektywno\u015bci, redukowa\u0107 zb\u0119dne obci\u0105\u017cenia finansowe i poprawia\u0107 wyniki finansowe.<\/p>\n\n\n\n<div class=\"separator mt-8 mb-8\"><span class=\"separator__line\"><\/span><\/div>\n\n\n\n<h2 class=\"management__title heading max-w-medium\">Wszechstronne do\u015bwiadczenie<\/h2>\n\n\n\n<p class=\"management__text text\">Nasze doradztwo finansowe wyr\u00f3\u017cnia si\u0119 specjalizacj\u0105 nie tylko w sektorze nieruchomo\u015bci, ale tak\u017ce w wielu innych kluczowych bran\u017cach, takich jak: produkcja, odnawialne \u017ar\u00f3d\u0142a energii, IT i komunikacja, rolnictwo, handel detaliczny i dystrybucja oraz opieka zdrowotna. Nasze kompleksowe podej\u015bcie i elastyczno\u015b\u0107 pozwalaj\u0105 nam skutecznie doradza\u0107 w najbardziej zr\u00f3\u017cnicowanych transakcjach i projektach, zapewniaj\u0105c trwa\u0142\u0105 warto\u015b\u0107 i wspieraj\u0105c rozw\u00f3j biznesu w r\u00f3\u017cnych \u015brodowiskach rynkowych.<\/p>\n<\/div>\n<\/section>\n\n\n\n<section class=\"contact-us section max-w-full\">\n<div class=\"contact-us__inner-container inner-container is-root-container\">\n<h1 class=\"contact-us__title heading max-w-medium\">Contact us<\/h1>\n\n\n\n<div class=\"contact-us__content container max-w-medium\">\n<div class=\"contact-us__box container\">\n<div class=\"contact-box is-featured\"><div class=\"contact-box__content\"><h3 class=\"contact-box__title\">Doradztwo finansowe<\/h3><a href=\"void(0)\" class=\"contact-box__contact\" data-encoded=\"dGVsOis0OCA2OTIgODI4IDU4MQ==\"><span class=\"text-decoded\">Please enable JavaScript in your browser<\/span><span class=\"icon\"><svg xmlns=\"http:\/\/www.w3.org\/2000\/svg\" width=\"17.3\" height=\"17.26\" viewBox=\"0 0 17.3 17.26\">\n\t<path d=\"M12.929,17.258c-0.88,0-1.735-0.252-2.476-0.729c-3.852-2.6-7.117-5.855-9.717-9.688c-0.574-0.89-0.824-1.947-0.71-2.987 c0.115-1.04,0.588-2.018,1.332-2.752l0.533-0.544c0.763-0.747,2.03-0.737,2.773-0.01l2.338,2.339C7.37,3.26,7.57,3.749,7.57,4.267 c0,0.519-0.2,1.008-0.563,1.377c-0.067,0.067-0.116,0.139-0.15,0.22c-0.033,0.08-0.05,0.164-0.05,0.25s0.017,0.171,0.051,0.252 C6.891,6.446,6.94,6.519,7.002,6.58l3.688,3.686c0.244,0.24,0.684,0.246,0.939-0.004c0.738-0.725,2.012-0.727,2.752,0l2.348,2.324 c0.371,0.381,0.571,0.871,0.571,1.389c0,0.521-0.2,1.012-0.563,1.383l-0.563,0.551c-0.729,0.737-1.705,1.21-2.745,1.324 C13.262,17.25,13.095,17.258,12.929,17.258z M3.284,1.283c-0.178,0-0.345,0.069-0.473,0.193L2.28,2.019 C1.74,2.552,1.401,3.252,1.319,3.996c-0.082,0.744,0.097,1.5,0.502,2.128c2.499,3.683,5.646,6.821,9.348,9.319 c0.615,0.396,1.37,0.579,2.118,0.494c0.743-0.081,1.442-0.419,1.969-0.952l0.562-0.55C15.932,14.319,16,14.151,16,13.973 c0-0.178-0.067-0.344-0.192-0.473l-2.338-2.313c-0.247-0.241-0.682-0.241-0.931,0.002c-0.746,0.729-2.021,0.729-2.765,0.001 L6.085,7.501C5.903,7.322,5.759,7.109,5.658,6.869C5.557,6.627,5.506,6.374,5.506,6.115c0-0.259,0.051-0.512,0.151-0.752 c0.102-0.241,0.246-0.455,0.43-0.637c0.116-0.118,0.184-0.284,0.184-0.459c0-0.175-0.068-0.34-0.19-0.465l-2.33-2.33 C3.629,1.352,3.462,1.283,3.284,1.283z\" \/>\n<\/svg><\/span><\/a><a href=\"void(0)\" class=\"contact-box__contact\" data-encoded=\"bWFpbHRvOmZpbmFuY2VAa29kYS1hZHZpc29yeS5wbA==\"><span class=\"text-decoded\">Please enable JavaScript in your browser<\/span><span class=\"icon\"><svg xmlns=\"http:\/\/www.w3.org\/2000\/svg\" width=\"17.3px\" height=\"15.3px\" viewBox=\"0 0 17.3 15.3\">\n\t<path d=\"M14.189,0H3.111C1.395,0,0,1.434,0,3.195v8.91C0,13.867,1.396,15.3,3.111,15.3h11.078c1.717,0,3.111-1.434,3.111-3.195 v-8.91C17.3,1.434,15.906,0,14.189,0z M3.111,1.3h11.078c1,0,1.811,0.851,1.811,1.896v1.053L8.65,7.923L1.3,4.248V3.195 C1.3,2.15,2.112,1.3,3.111,1.3z M14.189,14H3.111c-0.999,0-1.812-0.85-1.812-1.895V5.702l7.06,3.53C8.451,9.277,8.55,9.3,8.65,9.3 S8.849,9.277,8.94,9.232L16,5.702v6.403C16,13.15,15.189,14,14.189,14z\" \/>\n<\/svg><\/span><\/a><\/div><\/div>\n<\/div>\n\n\n\n<div class=\"contact-us__form container\">\n<div\n\tclass=\"contact-form\"\n\tid=\"contact_form_contact_us\"\n>\n\n\t\n\t\n\n\t<form class=\"form has-validation\" method=\"post\" action=\"https:\/\/koda-advisory.pl\/pl\/services\/doradztwo-transakcyjne\/#contact_form_contact_us\" enctype=\"multipart\/form-data\">\n\n\t\t<div class=\"form-item form-item--name\">\n\t\t\t<label class=\"label\" for=\"contact_name\">\n\t\t\t\tName and surname\t\t\t\t<span class=\"form-item__required\">*<\/span>\n\t\t\t<\/label>\n\t\t\t<input type=\"text\" class=\"input\" id=\"contact_name\" name=\"contactName\" value=\"\" autocomplete=\"off\" \/>\n\t\t\t\t\t<\/div>\n\n\t\t<div class=\"form-item form-item--email\">\n\t\t\t<label class=\"label\" for=\"contact_email\">\n\t\t\t\tEmail address\t\t\t\t<span class=\"form-item__required\">*<\/span>\n\t\t\t<\/label>\n\t\t\t<input type=\"email\" class=\"input\" id=\"contact_email\" name=\"contactEmail\" value=\"\" autocomplete=\"off\" \/>\n\t\t\t\t\t<\/div>\n\n\t\t<div class=\"form-item form-item--phone\">\n\t\t\t<label class=\"label\" for=\"contact_phone\">\n\t\t\t\tPhone number\t\t\t\t<span class=\"form-item__required\">*<\/span>\n\t\t\t<\/label>\n\t\t\t<input type=\"tel\" class=\"input\" id=\"contact_phone\" name=\"contactPhone\" value=\"\" autocomplete=\"off\" \/>\n\t\t\t\t\t<\/div>\n\n\t\t\n\t\t\n\t\t<div class=\"form-item form-item--message\">\n\t\t\t<label class=\"label\" for=\"contact_message\">\n\t\t\t\tMessage\t\t\t\t<span class=\"form-item__required\">*<\/span>\n\t\t\t<\/label>\n\t\t\t<textarea class=\"textarea\" id=\"contact_message\" name=\"contactMessage\" rows=\"8\" cols=\"30\" autocomplete=\"off\"><\/textarea>\n\t\t\t\t\t<\/div>\n\n\t\t<div class=\"form-item form-item--consent\">\n\t\t\t<label class=\"label for-checkbox\" for=\"contact_consent\">\n\t\t\t\tWyra\u017cam zgod\u0119 na przetwarzanie danych osobowych przez wyra\u017ane dzia\u0142ania potwierdzaj\u0105ce\t\t\t<\/label>\n\t\t\t<input type=\"checkbox\" class=\"input-checkbox\" id=\"contact_consent\" name=\"contactConsent\" value=\"0\"  \/>\n\t\t\t<span class=\"checkbox\"><\/span>\n\t\t\t\t\t<\/div>\n\n\t\t\t\t\t<div class=\"form-item form-item--data\">\n\t\t\t\t<label class=\"label\" for=\"contact_data\">\n\t\t\t\t\tKeep this field blank.\t\t\t\t<\/label>\n\t\t\t\t<input type=\"text\" class=\"input\" id=\"contact_data\" name=\"contactData\" value=\"\" autocomplete=\"off\" \/>\n\t\t\t<\/div>\n\t\t\n\t\t<div class=\"form-item form-item--submit\">\n\t\t\t<button type=\"submit\" class=\"button is-large\" name=\"contactSubmit\">\n\t\t\t\t<span class=\"button__text\">\n\t\t\t\t\tSend Email\t\t\t\t<\/span>\n\t\t\t\t<span class=\"button__icon\">\n\t\t\t\t\t<svg xmlns=\"http:\/\/www.w3.org\/2000\/svg\" width=\"11\" height=\"9\" viewBox=\"0 0 11 9\">\n\t\t\t\t<path d=\"M6.20299 0L5.35452 0.795937L8.70343 3.9375H0V5.0625H8.70343L5.35452 8.20406L6.20299 9L11 4.5L6.20299 0Z\" \/>\n\t\t\t<\/svg>\t\t\t\t<\/span>\n\t\t\t\t<span class=\"button__bg\"><\/span>\n\t\t\t<\/button>\n\t\t<\/div>\n\n\t<\/form>\n\t\n<\/div><\/div>\n<\/div>\n<\/div>\n<\/section>\n","protected":false},"excerpt":{"rendered":"","protected":false},"author":10,"featured_media":0,"parent":235,"menu_order":0,"comment_status":"closed","ping_status":"closed","template":"","meta":{"inline_featured_image":false,"footnotes":""},"class_list":["post-2868","page","type-page","status-publish","hentry"],"yoast_head":"<!-- This site is optimized with the Yoast SEO plugin v24.8 - https:\/\/yoast.com\/wordpress\/plugins\/seo\/ -->\n<title>Doradztwo transakcyjne<\/title>\n<meta name=\"description\" content=\"Nasze doradztwo transakcyjne wykracza poza dostarczanie tylko due diligence i strukturalizacj\u0119 transakcji. Dowiedz si\u0119 wi\u0119cej.\" \/>\n<meta name=\"robots\" content=\"index, follow, max-snippet:-1, max-image-preview:large, max-video-preview:-1\" \/>\n<link rel=\"canonical\" href=\"https:\/\/koda-advisory.pl\/pl\/services\/doradztwo-transakcyjne\/\" \/>\n<meta property=\"og:locale\" content=\"pl_PL\" \/>\n<meta property=\"og:type\" content=\"article\" \/>\n<meta property=\"og:title\" content=\"Doradztwo transakcyjne\" \/>\n<meta property=\"og:description\" content=\"Nasze doradztwo transakcyjne wykracza poza dostarczanie tylko due diligence i strukturalizacj\u0119 transakcji. Dowiedz si\u0119 wi\u0119cej.\" \/>\n<meta property=\"og:url\" content=\"https:\/\/koda-advisory.pl\/pl\/services\/doradztwo-transakcyjne\/\" \/>\n<meta property=\"og:site_name\" content=\"Koda Advisory PL\" \/>\n<meta property=\"article:publisher\" content=\"https:\/\/www.facebook.com\/Koda.Advisory\/\" \/>\n<meta property=\"article:modified_time\" content=\"2025-07-22T07:05:44+00:00\" \/>\n<meta name=\"twitter:card\" content=\"summary_large_image\" \/>\n<meta name=\"twitter:label1\" content=\"Szacowany czas czytania\" \/>\n\t<meta name=\"twitter:data1\" content=\"3 minuty\" \/>\n<script type=\"application\/ld+json\" class=\"yoast-schema-graph\">{\"@context\":\"https:\/\/schema.org\",\"@graph\":[{\"@type\":\"WebPage\",\"@id\":\"https:\/\/koda-advisory.pl\/pl\/services\/doradztwo-transakcyjne\/\",\"url\":\"https:\/\/koda-advisory.pl\/pl\/services\/doradztwo-transakcyjne\/\",\"name\":\"Doradztwo transakcyjne\",\"isPartOf\":{\"@id\":\"https:\/\/koda-advisory.pl\/pl\/#website\"},\"primaryImageOfPage\":{\"@id\":\"https:\/\/koda-advisory.pl\/pl\/services\/doradztwo-transakcyjne\/#primaryimage\"},\"image\":{\"@id\":\"https:\/\/koda-advisory.pl\/pl\/services\/doradztwo-transakcyjne\/#primaryimage\"},\"thumbnailUrl\":\"https:\/\/koda-advisory.pl\/wp-content\/uploads\/2025\/06\/MZA-strona.jpg\",\"datePublished\":\"2025-07-10T10:03:57+00:00\",\"dateModified\":\"2025-07-22T07:05:44+00:00\",\"description\":\"Nasze doradztwo transakcyjne wykracza poza dostarczanie tylko due diligence i strukturalizacj\u0119 transakcji. Dowiedz si\u0119 wi\u0119cej.\",\"breadcrumb\":{\"@id\":\"https:\/\/koda-advisory.pl\/pl\/services\/doradztwo-transakcyjne\/#breadcrumb\"},\"inLanguage\":\"pl-PL\",\"potentialAction\":[{\"@type\":\"ReadAction\",\"target\":[\"https:\/\/koda-advisory.pl\/pl\/services\/doradztwo-transakcyjne\/\"]}]},{\"@type\":\"ImageObject\",\"inLanguage\":\"pl-PL\",\"@id\":\"https:\/\/koda-advisory.pl\/pl\/services\/doradztwo-transakcyjne\/#primaryimage\",\"url\":\"https:\/\/koda-advisory.pl\/wp-content\/uploads\/2025\/06\/MZA-strona.jpg\",\"contentUrl\":\"https:\/\/koda-advisory.pl\/wp-content\/uploads\/2025\/06\/MZA-strona.jpg\"},{\"@type\":\"BreadcrumbList\",\"@id\":\"https:\/\/koda-advisory.pl\/pl\/services\/doradztwo-transakcyjne\/#breadcrumb\",\"itemListElement\":[{\"@type\":\"ListItem\",\"position\":1,\"name\":\"Home\",\"item\":\"https:\/\/koda-advisory.pl\/pl\/\"},{\"@type\":\"ListItem\",\"position\":2,\"name\":\"Us\u0142ugi\",\"item\":\"https:\/\/koda-advisory.pl\/pl\/services\/\"},{\"@type\":\"ListItem\",\"position\":3,\"name\":\"Doradztwo transakcyjne\"}]},{\"@type\":\"WebSite\",\"@id\":\"https:\/\/koda-advisory.pl\/pl\/#website\",\"url\":\"https:\/\/koda-advisory.pl\/pl\/\",\"name\":\"Koda Advisory PL\",\"description\":\"\",\"publisher\":{\"@id\":\"https:\/\/koda-advisory.pl\/pl\/#organization\"},\"potentialAction\":[{\"@type\":\"SearchAction\",\"target\":{\"@type\":\"EntryPoint\",\"urlTemplate\":\"https:\/\/koda-advisory.pl\/pl\/?s={search_term_string}\"},\"query-input\":{\"@type\":\"PropertyValueSpecification\",\"valueRequired\":true,\"valueName\":\"search_term_string\"}}],\"inLanguage\":\"pl-PL\"},{\"@type\":\"Organization\",\"@id\":\"https:\/\/koda-advisory.pl\/pl\/#organization\",\"name\":\"Koda Advisory\",\"url\":\"https:\/\/koda-advisory.pl\/pl\/\",\"logo\":{\"@type\":\"ImageObject\",\"inLanguage\":\"pl-PL\",\"@id\":\"https:\/\/koda-advisory.pl\/pl\/#\/schema\/logo\/image\/\",\"url\":\"https:\/\/koda-advisory.pl\/pl\/wp-content\/uploads\/sites\/2\/2023\/07\/logo-dark-blue.svg\",\"contentUrl\":\"https:\/\/koda-advisory.pl\/pl\/wp-content\/uploads\/sites\/2\/2023\/07\/logo-dark-blue.svg\",\"width\":1,\"height\":1,\"caption\":\"Koda Advisory\"},\"image\":{\"@id\":\"https:\/\/koda-advisory.pl\/pl\/#\/schema\/logo\/image\/\"},\"sameAs\":[\"https:\/\/www.facebook.com\/Koda.Advisory\/\",\"https:\/\/www.linkedin.com\/company\/99105218\"]}]}<\/script>\n<!-- \/ Yoast SEO plugin. -->","yoast_head_json":{"title":"Doradztwo transakcyjne","description":"Nasze doradztwo transakcyjne wykracza poza dostarczanie tylko due diligence i strukturalizacj\u0119 transakcji. Dowiedz si\u0119 wi\u0119cej.","robots":{"index":"index","follow":"follow","max-snippet":"max-snippet:-1","max-image-preview":"max-image-preview:large","max-video-preview":"max-video-preview:-1"},"canonical":"https:\/\/koda-advisory.pl\/pl\/services\/doradztwo-transakcyjne\/","og_locale":"pl_PL","og_type":"article","og_title":"Doradztwo transakcyjne","og_description":"Nasze doradztwo transakcyjne wykracza poza dostarczanie tylko due diligence i strukturalizacj\u0119 transakcji. Dowiedz si\u0119 wi\u0119cej.","og_url":"https:\/\/koda-advisory.pl\/pl\/services\/doradztwo-transakcyjne\/","og_site_name":"Koda Advisory PL","article_publisher":"https:\/\/www.facebook.com\/Koda.Advisory\/","article_modified_time":"2025-07-22T07:05:44+00:00","twitter_card":"summary_large_image","twitter_misc":{"Szacowany czas czytania":"3 minuty"},"schema":{"@context":"https:\/\/schema.org","@graph":[{"@type":"WebPage","@id":"https:\/\/koda-advisory.pl\/pl\/services\/doradztwo-transakcyjne\/","url":"https:\/\/koda-advisory.pl\/pl\/services\/doradztwo-transakcyjne\/","name":"Doradztwo transakcyjne","isPartOf":{"@id":"https:\/\/koda-advisory.pl\/pl\/#website"},"primaryImageOfPage":{"@id":"https:\/\/koda-advisory.pl\/pl\/services\/doradztwo-transakcyjne\/#primaryimage"},"image":{"@id":"https:\/\/koda-advisory.pl\/pl\/services\/doradztwo-transakcyjne\/#primaryimage"},"thumbnailUrl":"https:\/\/koda-advisory.pl\/wp-content\/uploads\/2025\/06\/MZA-strona.jpg","datePublished":"2025-07-10T10:03:57+00:00","dateModified":"2025-07-22T07:05:44+00:00","description":"Nasze doradztwo transakcyjne wykracza poza dostarczanie tylko due diligence i strukturalizacj\u0119 transakcji. Dowiedz si\u0119 wi\u0119cej.","breadcrumb":{"@id":"https:\/\/koda-advisory.pl\/pl\/services\/doradztwo-transakcyjne\/#breadcrumb"},"inLanguage":"pl-PL","potentialAction":[{"@type":"ReadAction","target":["https:\/\/koda-advisory.pl\/pl\/services\/doradztwo-transakcyjne\/"]}]},{"@type":"ImageObject","inLanguage":"pl-PL","@id":"https:\/\/koda-advisory.pl\/pl\/services\/doradztwo-transakcyjne\/#primaryimage","url":"https:\/\/koda-advisory.pl\/wp-content\/uploads\/2025\/06\/MZA-strona.jpg","contentUrl":"https:\/\/koda-advisory.pl\/wp-content\/uploads\/2025\/06\/MZA-strona.jpg"},{"@type":"BreadcrumbList","@id":"https:\/\/koda-advisory.pl\/pl\/services\/doradztwo-transakcyjne\/#breadcrumb","itemListElement":[{"@type":"ListItem","position":1,"name":"Home","item":"https:\/\/koda-advisory.pl\/pl\/"},{"@type":"ListItem","position":2,"name":"Us\u0142ugi","item":"https:\/\/koda-advisory.pl\/pl\/services\/"},{"@type":"ListItem","position":3,"name":"Doradztwo transakcyjne"}]},{"@type":"WebSite","@id":"https:\/\/koda-advisory.pl\/pl\/#website","url":"https:\/\/koda-advisory.pl\/pl\/","name":"Koda Advisory PL","description":"","publisher":{"@id":"https:\/\/koda-advisory.pl\/pl\/#organization"},"potentialAction":[{"@type":"SearchAction","target":{"@type":"EntryPoint","urlTemplate":"https:\/\/koda-advisory.pl\/pl\/?s={search_term_string}"},"query-input":{"@type":"PropertyValueSpecification","valueRequired":true,"valueName":"search_term_string"}}],"inLanguage":"pl-PL"},{"@type":"Organization","@id":"https:\/\/koda-advisory.pl\/pl\/#organization","name":"Koda Advisory","url":"https:\/\/koda-advisory.pl\/pl\/","logo":{"@type":"ImageObject","inLanguage":"pl-PL","@id":"https:\/\/koda-advisory.pl\/pl\/#\/schema\/logo\/image\/","url":"https:\/\/koda-advisory.pl\/pl\/wp-content\/uploads\/sites\/2\/2023\/07\/logo-dark-blue.svg","contentUrl":"https:\/\/koda-advisory.pl\/pl\/wp-content\/uploads\/sites\/2\/2023\/07\/logo-dark-blue.svg","width":1,"height":1,"caption":"Koda Advisory"},"image":{"@id":"https:\/\/koda-advisory.pl\/pl\/#\/schema\/logo\/image\/"},"sameAs":["https:\/\/www.facebook.com\/Koda.Advisory\/","https:\/\/www.linkedin.com\/company\/99105218"]}]}},"_links":{"self":[{"href":"https:\/\/koda-advisory.pl\/pl\/wp-json\/wp\/v2\/pages\/2868","targetHints":{"allow":["GET"]}}],"collection":[{"href":"https:\/\/koda-advisory.pl\/pl\/wp-json\/wp\/v2\/pages"}],"about":[{"href":"https:\/\/koda-advisory.pl\/pl\/wp-json\/wp\/v2\/types\/page"}],"author":[{"embeddable":true,"href":"https:\/\/koda-advisory.pl\/pl\/wp-json\/wp\/v2\/users\/10"}],"replies":[{"embeddable":true,"href":"https:\/\/koda-advisory.pl\/pl\/wp-json\/wp\/v2\/comments?post=2868"}],"version-history":[{"count":5,"href":"https:\/\/koda-advisory.pl\/pl\/wp-json\/wp\/v2\/pages\/2868\/revisions"}],"predecessor-version":[{"id":3162,"href":"https:\/\/koda-advisory.pl\/pl\/wp-json\/wp\/v2\/pages\/2868\/revisions\/3162"}],"up":[{"embeddable":true,"href":"https:\/\/koda-advisory.pl\/pl\/wp-json\/wp\/v2\/pages\/235"}],"wp:attachment":[{"href":"https:\/\/koda-advisory.pl\/pl\/wp-json\/wp\/v2\/media?parent=2868"}],"curies":[{"name":"wp","href":"https:\/\/api.w.org\/{rel}","templated":true}]}}