{"id":3,"date":"2023-06-19T07:10:53","date_gmt":"2023-06-19T07:10:53","guid":{"rendered":"https:\/\/koda-advisory.pl\/pl\/?page_id=3"},"modified":"2023-12-30T17:52:51","modified_gmt":"2023-12-30T16:52:51","slug":"privacy-policy","status":"publish","type":"page","link":"https:\/\/koda-advisory.pl\/pl\/privacy-policy\/","title":{"rendered":"Privacy Policy"},"content":{"rendered":"\n<header class=\"page-header section max-w-full\">\n<div class=\"page-header__inner-container inner-container is-root-container\">\n<h1 class=\"page-header__title heading max-w-wide\">Polityka prywatno\u015bci<\/h1>\n<\/div>\n<\/header>\n\n\n\n<section class=\"page-content section max-w-full\">\n<div class=\"page-content__inner-container inner-container is-root-container\">\n<div class=\"page-content__sidebar container\">\n<div class=\"page-content__sidebar-content container\">\n<nav class=\"toc\"><ul class=\"toc__list\">\n<li class=\"toc__list-item\"><a href=\"#czym-sa-pliki-cookie\" class=\"toc__link js-toc-link\">Administrator danych<\/a><\/li>\n\n\n\n<li class=\"toc__list-item\"><a href=\"#jak-je-wykorzystujemy\" class=\"toc__link js-toc-link\">Stosowane definicje<\/a><\/li>\n\n\n\n<li class=\"toc__list-item\"><a href=\"#opcje-zarzadzania-plikami\" class=\"toc__link js-toc-link\">Cele przetwarzania<\/a><\/li>\n\n\n\n<li class=\"toc__list-item\"><a href=\"#aktualizacje-polityki\" class=\"toc__link js-toc-link\">Sposoby pozyskiwania danych<\/a><\/li>\n\n\n\n<li class=\"toc__list-item\"><a href=\"#zakres-polityki\" class=\"toc__link js-toc-link\">Zakres przetwarzania danych<\/a><\/li>\n\n\n\n<li class=\"toc__list-item\"><a href=\"#okres-polityki\" class=\"toc__link js-toc-link\">Okres przetwarzania danych<\/a><\/li>\n\n\n\n<li class=\"toc__list-item\"><a href=\"#odbiorcy-polityki\" class=\"toc__link js-toc-link\">Odbiorcy danych<\/a><\/li>\n\n\n\n<li class=\"toc__list-item\"><a href=\"#fanpage-polityki\" class=\"toc__link js-toc-link\">Fanpage Administratora<\/a><\/li>\n\n\n\n<li class=\"toc__list-item\"><a href=\"#prawa-polityki\" class=\"toc__link js-toc-link\">Prawa os\u00f3b<\/a><\/li>\n\n\n\n<li class=\"toc__list-item\"><a href=\"#kontakt-z-nami\" class=\"toc__link js-toc-link\">Postanowienia ko\u0144cowe<\/a><\/li>\n<\/ul><\/nav>\n<\/div>\n<\/div>\n\n\n\n<div class=\"page-content__main container\">\n<h2 class=\"heading h-36\">Polityka prywatno\u015bci danych osobowych (RODO)<\/h2>\n\n\n\n<p class=\"text fs-18\">Obowi\u0105zuj\u0105ca od dnia 2024-01-01<\/p>\n\n\n\n<div class=\"separator mt-8 mb-8\"><span class=\"separator__line\"><\/span><\/div>\n\n\n\n<p class=\"text is-style-lead\">Celem niniejszej Polityki jest przedstawienie u\u017cytkownikom us\u0142ug lub stron internetowych Koda (zwanych \u0142\u0105cznie &#8222;Us\u0142ugami&#8221;) informacji na temat zakresu przetwarzanych danych osobowych.<\/p>\n\n\n\n<h3 id=\"czym-sa-pliki-cookie\" class=\"heading h-24\">1. Administrator danych<\/h3>\n\n\n\n<p class=\"text\">Administratorem danych osobowych podawanych w trakcie korzystania ze Serwisu online prowadzonego pod nazw\u0105 <strong>koda-advisory.pl<\/strong> jest <strong>Koda Advisory Sp.&nbsp; z o.o.<\/strong>, z siedzib\u0105 w Warszawie (03-291), ul. \u015aw. Wincentego 124\/94, KRS: 0000995600, REGON: 523324516, NIP: 5242952126, e-mail: <a href=\"mailto:rodo@koda-advisory.pl\">rodo@koda-advisory.pl<\/a>.<\/p>\n\n\n\n<p class=\"text\">Dane przetwarzane s\u0105 zgodnie z aktualnie obowi\u0105zuj\u0105cymi przepisami prawa; tj. Rozporz\u0105dzeniem Parlamentu Europejskiego i Rady UE 2016\/679 z 27 kwietnia 2016 r. w sprawie ochrony os\u00f3b fizycznych w zwi\u0105zku z przetwarzaniem danych osobowych i w sprawie swobodnego przep\u0142ywu takich danych oraz uchylenia dyrektywy 95\/46\/WE (dalej: RODO), ustaw\u0105 z dnia 10 maja 2018 r. o ochronie danych, a tak\u017ce ustaw\u0105 z 18 lipca 2002 r. o \u015bwiadczeniu us\u0142ug drog\u0105 elektroniczn\u0105.<\/p>\n\n\n\n<p class=\"text\">Poni\u017csza Polityka Prywatno\u015bci obejmuje zasady przetwarzania danych U\u017cytkownik\u00f3w Strony, a tak\u017ce os\u00f3b zawieraj\u0105cych umowy z Administratorem danych, a tak\u017ce danych gromadzonych poprzez kontakt z Administratorem danych (adres e-mail lub telefonicznie) lub korespondencj\u0119 tradycyjn\u0105, jak i os\u00f3b, kt\u00f3re lubi\u0105 i\/lub obserwuj\u0105 fanpage Administratora w mediach spo\u0142eczno\u015bciowych, je\u015bli prowadzi.<\/p>\n\n\n\n<h3 id=\"jak-je-wykorzystujemy\" class=\"heading h-24\">2. Stosowane definicje<\/h3>\n\n\n\n<p class=\"text\">W niniejszej polityce stosuje si\u0119 nast\u0119puj\u0105ce definicje:<\/p>\n\n\n\n<p class=\"text\"><strong>Serwis<\/strong> &#8211; serwis internetowy dost\u0119pny pod adresem koda-advisory.pl, za po\u015brednictwem kt\u00f3rego U\u017cytkownik mo\u017ce: przegl\u0105da\u0107 jego zawarto\u015b\u0107 (blog), kontaktowa\u0107 si\u0119 z administratorem danych (formularz kontaktowy), zam\u00f3wi\u0107 informacje handlowe i marketingowe (newsletter).<\/p>\n\n\n\n<p class=\"text\"><strong>Administrator danych osobowych<\/strong> &#8211; podmiot, kt\u00f3ry decyduje o celu i \u015brodkach przetwarzania danych, w niniejszej polityce rozumie si\u0119 przez to: <strong>Koda Advisory Sp.&nbsp; z o.o.<\/strong>, z siedzib\u0105 w Warszawie (03-291), ul. \u015aw. Wincentego 124\/94, KRS: 0000995600, REGON: 523324516, NIP: 5242952126, e-mail: <a href=\"mailto:rodo@koda-advisory.pl\">rodo@koda-advisory.pl<\/a>.<\/p>\n\n\n\n<p class=\"text\"><strong>U\u017cytkownik<\/strong> &#8211; osoba fizyczna, kt\u00f3rej dane dotycz\u0105 i kt\u00f3ra korzysta z us\u0142ug dost\u0119pnych w Serwisie.<\/p>\n\n\n\n<p class=\"text\"><strong>Dane osobowe<\/strong> &#8211; wszelkie informacje, kt\u00f3re bez nadmiernego czasu i kosztu mog\u0105 doprowadzi\u0107 do identyfikacji osoby fizycznej, w tym jej dane identyfikacyjne, adresowe i kontaktowe.<\/p>\n\n\n\n<p class=\"text\"><strong>Pa\u0144stwa trzecie<\/strong> &#8211; pa\u0144stwa poza Europejskim Obszarem Gospodarczym (EOG).<\/p>\n\n\n\n<h3 id=\"opcje-zarzadzania-plikami\" class=\"heading h-24\">3. Cele przetwarzania danych osobowych<\/h3>\n\n\n\n<p class=\"text\">Administrator Danych Osobowych przetwarza dane osobowe wy\u0142\u0105cznie, gdy jest to dopuszczone aktualnie obowi\u0105zuj\u0105cymi przepisami prawa, w tym w celu:<\/p>\n\n\n\n<p class=\"text\">a\/ podj\u0119cia dzia\u0142a\u0144 na \u017c\u0105danie osoby, kt\u00f3rej dane dotycz\u0105, w tym udzielenia odpowiedzi na pytania zadane poprzez \u015brodki komunikacji elektronicznej lub w celu obs\u0142ugi korespondencji tradycyjnej, a przetwarzanie to odbywa si\u0119 na podstawie art. 6 ust. 1 lit b) RODO,<\/p>\n\n\n\n<p class=\"text\">b\/ wysy\u0142ania zam\u00f3wionych informacji marketingowych drog\u0105 elektroniczn\u0105 (newsletter) na podany przez U\u017cytkownika adres e-mail w tym celu, a przetwarzanie to odbywa si\u0119 na podstawie art. 6 ust. 1 lit a) RODO, tj. zgody osoby, kt\u00f3rej dane dotycz\u0105,<\/p>\n\n\n\n<p class=\"text\">c\/ marketingu w\u0142asnych produkt\u00f3w i us\u0142ug Administratora danych drog\u0105 tradycyjn\u0105, na podstawie art. 6 ust. 1 lit. f) RODO, tj. w celu realizacji prawnie uzasadnionych interes\u00f3w administratora danych lub osoby, kt\u00f3rej dane dotycz\u0105,<\/p>\n\n\n\n<p class=\"text\">d\/ dochodzenia praw i roszcze\u0144 przez Administratora danych lub osob\u0119, kt\u00f3rej dane dotycz\u0105, na podstawie art. 6 ust. 1 lit f) RODO i odbywa si\u0119 w prawnie usprawiedliwionym celu,<\/p>\n\n\n\n<p class=\"text\">e\/ przeprowadzenia procesu rekrutacyjnego na&nbsp;stanowisko, o&nbsp;kt\u00f3re ubiega si\u0119 dany kandydat, w&nbsp;tym skontaktowania si\u0119 z&nbsp;nim w&nbsp;celu organizacji i&nbsp;przeprowadzenia rozmowy rekrutacyjnej (na&nbsp;podstawie art. 6 ust. 1 pkt a&nbsp;RODO i&nbsp;nie&nbsp;d\u0142u\u017cej ni\u017c do&nbsp;czasu zako\u0144czenia procesu rekrutacji),<\/p>\n\n\n\n<p class=\"text\">f\/ wykonania obowi\u0105zk\u00f3w wynikaj\u0105cych z&nbsp;obowi\u0105zuj\u0105cych przepis\u00f3w prawa, zwi\u0105zanych z&nbsp;procesem zatrudnienia, w&nbsp;szczeg\u00f3lno\u015bci Kodeksu pracy (na&nbsp;podstawie art. 6 ust. 1 pkt c&nbsp;RODO, nie&nbsp;d\u0142u\u017cej ni\u017c jest to&nbsp;potrzebne dla pe\u0142nej realizacji cel\u00f3w przetwarzania w&nbsp;zwi\u0105zku z&nbsp;zatrudnieniem),<\/p>\n\n\n\n<p class=\"text\">g\/ realizacji naszych prawnie uzasadnionych interes\u00f3w (na&nbsp;podstawie art. 6 ust. 1 pkt f&nbsp;RODO), tj.&nbsp;dochodzenia ewentualnych roszcze\u0144, archiwizacji w&nbsp;celach ochrony naszego interesu prawnego (nie&nbsp;d\u0142u\u017cej ni\u017c do&nbsp;czasu realizacji tych cel\u00f3w).<\/p>\n\n\n\n<p class=\"text\">Podanie adresu e-mail jest niezb\u0119dne w celu wysy\u0142ki tre\u015bci w formie newsletter\u2019a. Podanie danych osobowych w pozosta\u0142ym zakresie jest dobrowolne. Podanie danych osobowych przez&nbsp;osoby ubiegaj\u0105ce si\u0119 o&nbsp;zatrudnienie lub polecane do zatrudnienia jest dobrowolne, ale&nbsp;niezb\u0119dne do&nbsp;tego, by&nbsp;mog\u0142y one wzi\u0105\u0107 udzia\u0142 w&nbsp;procesie rekrutacji.<\/p>\n\n\n\n<h3 id=\"aktualizacje-polityki\" class=\"heading h-24\">4. Sposoby pozyskiwania danych<\/h3>\n\n\n\n<p class=\"text\">Dane osobowe U\u017cytkownika gromadzone s\u0105 bezpo\u015brednio od os\u00f3b, kt\u00f3rych dane dotycz\u0105, tj. poprzez:<\/p>\n\n\n\n<p class=\"text\">a\/ wype\u0142nienie formularza zapisu na newsletter,<\/p>\n\n\n\n<p class=\"text\">b\/ bezpo\u015bredni kontakt z administratorem danych za pomoc\u0105 danych teleadresowych dost\u0119pnych na stronie lub w formie tradycyjnej w miejscu prowadzenia dzia\u0142alno\u015bci.<\/p>\n\n\n\n<h3 id=\"zakres-polityki\" class=\"heading h-24\">5. Zakres przetwarzania danych<\/h3>\n\n\n\n<p class=\"text\">Zakres przetwarzanych danych osobowych zosta\u0142 ograniczony do minimum niezb\u0119dnego do \u015bwiadczenia us\u0142ug w zakresie:<\/p>\n\n\n\n<p class=\"text\">a\/ z\u0142o\u017cenia zapytania przez formularz kontaktowy lub za pomoc\u0105 danych teleadresowych dost\u0119pnych na stronie: adres e-mail, numer telefonu, imi\u0119 i nazwisko, ewentualne inne dane podane dobrowolnie przez osob\u0119, kt\u00f3rej dane dotycz\u0105,<\/p>\n\n\n\n<p class=\"text\">b\/ dokonania zapisu na newsletter: adres e-mail,<\/p>\n\n\n\n<p class=\"text\">c\/ zg\u0142oszenia do procesu rekrutacyjnego: imi\u0119 i nazwisko, adres e-mail, numer telefonu, profil na portalu linkedin.<\/p>\n\n\n\n<h3 id=\"okres-polityki\" class=\"heading h-24\">6. Okres przetwarzania danych<\/h3>\n\n\n\n<p class=\"text\">Okres przetwarzania danych jest uzale\u017cniony od celu, dla kt\u00f3rego dane zosta\u0142y zebrane i wynosi:<\/p>\n\n\n\n<p class=\"text\">a\/ w celu wysy\u0142ania informacji handlowych drog\u0105 elektroniczn\u0105 (newsletter) &#8211; do czasu odwo\u0142ania zgody, bez wp\u0142ywu na zgodno\u015b\u0107 przetwarzania, kt\u00f3rego dokonano przed jej odwo\u0142aniem,<\/p>\n\n\n\n<p class=\"text\">b\/ przez okres niezb\u0119dny do udzielenia odpowiedzi na pytanie zadane przez formularz kontaktowy lub drog\u0105 telefoniczn\u0105, ale nie d\u0142u\u017cej ni\u017c przez 6 miesi\u0119cy, o ile osoba nie zdecyduje si\u0119 zawrze\u0107 umowy z Administratorem danych osobowych,<\/p>\n\n\n\n<p class=\"text\">c\/ w celu dochodzenia roszcze\u0144, na podstawie ustawy z art. 118 ustawy z dnia 23 kwietnia 1964 r. &#8211; Kodeks cywilny. Je\u017celi przepis szczeg\u00f3lny nie stanowi inaczej, termin przedawnienia wynosi sze\u015b\u0107 lat, a dla roszcze\u0144 o \u015bwiadczenia okresowe oraz roszcze\u0144 zwi\u0105zanych z prowadzeniem dzia\u0142alno\u015bci gospodarczej \u2013 trzy lata.<\/p>\n\n\n\n<h3 id=\"odbiorcy-polityki\" class=\"heading h-24\">7. Odbiorcy danych<\/h3>\n\n\n\n<p class=\"text\">Dane osobowe U\u017cytkownika mog\u0105 zosta\u0107 powierzone innym podmiotom w celu wykonania us\u0142ug na zlecenie administratora danych, w szczeg\u00f3lno\u015bci podmiotom w zakresie:<\/p>\n\n\n\n<p class=\"text\">a\/ hostingu strony www,<\/p>\n\n\n\n<p class=\"text\">b\/ serwisu i utrzymania system\u00f3w informatycznych, w kt\u00f3rych dane s\u0105 przetwarzane, w tym w celu automatyzacji newslettera.<\/p>\n\n\n\n<p class=\"text\">Dane osobowe U\u017cytkownika mog\u0105 zosta\u0107 tak\u017ce udost\u0119pnione podmiotom wspieraj\u0105cym administratora danych, w tym podmiotom realizuj\u0105cym us\u0142ugi kurierskie i pocztowe, obs\u0142ug\u0119 newslettera, systemu CRM, obs\u0142ug\u0119 systemu poczty elektronicznej, backup poczty elektronicznej, obs\u0142ug\u0119 \u015brodowiska office365.<\/p>\n\n\n\n<p class=\"text\">Dane osobowe U\u017cytkownika b\u0119d\u0105 przetwarzane przez dostawc\u00f3w, kt\u00f3rych siedziby i\/lub serwery s\u0105 zlokalizowane w pa\u0144stwie trzecim, tj. na terenie Stan\u00f3w Zjednoczonych Ameryki (USA). Przekazanie danych do USA odbywa si\u0119 na podstawie decyzji Komisji Europejskiej z 10 lipca 2023 r. stwierdzaj\u0105ca odpowiedni stopie\u0144 ochrony danych osobowych zapewniony przez tzw. &#8222;Ramy ochrony danych UE-USA\u201d (EU-US Data Privacy Framework) w stosunku do dostawc\u00f3w wpisanych na list\u0119 departamentu handlu USA, jak:<\/p>\n\n\n\n<p class=\"text\">a\/ Microsoft Corporation, One Microsoft Way Redmond, WA 98052-7329 USA,<\/p>\n\n\n\n<p class=\"text\">b\/ Google LLC. 1600 Amphitheatre Parkway Mountain View, CA 94043, USA; Meta Platforms, Inc., Menlo Park, California, USA.<\/p>\n\n\n\n<h3 id=\"fanpage-polityki\" class=\"heading h-24\">8. Fanpage Administratora danych w mediach spo\u0142eczno\u015bciowych<\/h3>\n\n\n\n<p class=\"text\">Administrator danych jest tak\u017ce jednocze\u015bnie wsp\u00f3\u0142administratorem danych jego obserwator\u00f3w w mediach spo\u0142eczno\u015bciowych &#8211; szczeg\u00f3lnie os\u00f3b, kt\u00f3re\u00a0 korzystaj\u0105 ze \u015brodk\u00f3w komunikacji elektronicznej na fanpage\u2019u &#8211; <strong>Facebook <\/strong>&#8211; <strong>\u201e@Koda.Advisory\u201d<\/strong> lub <strong>LinkedIn <\/strong>pod nazw\u0105 konta <strong>\u201e Koda. Taxes | Accounting | Payroll\u201d<\/strong>, prowadzonych przez Administratora danych w tych serwisach spo\u0142eczno\u015bciowych.<\/p>\n\n\n\n<p class=\"text\">W pozosta\u0142ym zakresie administratorem danych U\u017cytkownik\u00f3w tych serwis\u00f3w spo\u0142eczno\u015bciowych jest odpowiednio Meta Platforms, Inc., (dawniej: Facebook Inc., z siedzib\u0105 przy 1 Hacker Way, Menlo Park, CA 94025, USA) oraz Microsoft Corporation, One Microsoft Way Redmond, WA 98052-7329 USA, a przetwarzanie tych danych odbywa si\u0119 na zasadach opisanych w regulaminach i politykach prywatno\u015bci u\u017cytkownik\u00f3w tych serwis\u00f3w, w tym na: <a href=\"https:\/\/www.facebook.com\/privacy\">https:\/\/www.facebook.com\/privacy<\/a> oraz na <a href=\"https:\/\/www.linkedin.com\/legal\/privacy-policy?_l=pl_PL\">https:\/\/www.linkedin.com\/legal\/privacy-policy?_l=pl_PL<\/a>.<\/p>\n\n\n\n<p class=\"text\">Dane osobowe U\u017cytkownika, kt\u00f3ry lubi i\/lub obserwuje fanpage Administratora w mediach spo\u0142eczno\u015bciowych b\u0119d\u0105 przetwarzane poza Europejskim Obszarem Gospodarczym w tzw. pa\u0144stwie trzecim, w szczeg\u00f3lno\u015bci na terenie Stan\u00f3w Zjednoczonych Ameryki w zwi\u0105zku ze stosowaniem rozwi\u0105za\u0144 informatycznych, kt\u00f3rych serwery s\u0105 zlokalizowane poza Europejskim Obszarem Gospodarczym.<\/p>\n\n\n\n<p class=\"text\">Dane osobowe U\u017cytkownika b\u0119d\u0105 przetwarzane w pa\u0144stwie trzecim, tj. na terenie Stan\u00f3w Zjednoczonych Ameryki (USA). Przekazanie danych do USA odbywa si\u0119 na podstawie decyzji Komisji Europejskiej z 10 lipca 2023 r. stwierdzaj\u0105ca odpowiedni stopie\u0144 ochrony danych osobowych zapewniony przez tzw. &#8222;Ramy ochrony danych UE-USA\u201d (EU-US Data Privacy Framework) w stosunku do dostawc\u00f3w wpisanych na list\u0119 departamentu handlu USA, jak: Meta Platforms, Inc., Menlo Park, California, USA oraz Microsoft Corporation, One Microsoft Way Redmond, WA 98052-7329 USA.<\/p>\n\n\n\n<h3 id=\"prawa-polityki\" class=\"heading h-24\">9. Prawa os\u00f3b, kt\u00f3rych dotycz\u0105 dane osobowe<\/h3>\n\n\n\n<p class=\"text\">Osobom, kt\u00f3rych dane dotycz\u0105 przys\u0142uguje prawo:<\/p>\n\n\n\n<p>a\/ dost\u0119pu do tre\u015bci danych osobowych, w tym otrzymania bezp\u0142atnie pierwszej kopii tre\u015bci danych osobowych,<\/p>\n\n\n\n<p>b\/ do poprawiania danych,<\/p>\n\n\n\n<p>c\/ prawo do usuni\u0119cia danych, o ile nie obowi\u0105zuj\u0105 inne przepisy prawa, kt\u00f3re zobowi\u0105zuj\u0105 administratora danych do archiwizacji danych przez okre\u015blony czas,<\/p>\n\n\n\n<p>d\/ prawo do przenoszenia danych, o ile podstaw\u0105 przetwarzania danych jest umowa lub zgoda osoby, kt\u00f3rej dane dotycz\u0105, a przetwarzanie danych odbywa si\u0119 w spos\u00f3b automatyczny,<\/p>\n\n\n\n<p>e\/ do odwo\u0142ania zgody na przetwarzanie danych osobowych &#8211; je\u015bli podstaw\u0105 tego przetwarzania by\u0142a zgoda osoby, kt\u00f3rej dane dotycz\u0105. Odwo\u0142anie zgody nie ma wp\u0142ywu na zgodno\u015b\u0107 przetwarzania, kt\u00f3rego dokonano przed jej wycofaniem,<\/p>\n\n\n\n<p>f\/ do wniesienia sprzeciwu na przetwarzanie danych \u2013 z przyczyn zwi\u0105zanych ze szczeg\u00f3ln\u0105 sytuacj\u0105&nbsp; wobec przetwarzania dotycz\u0105cych danych osobowych opartego na art. 6 ust. 1 lit. e) lub f) RODO, a tak\u017ce prawo do ograniczenia przetwarzania,<\/p>\n\n\n\n<p>g\/ prawo do niepodlegania automatycznemu profilowaniu, je\u015bli administrator danych podejmowa\u0142by decyzje opieraj\u0105ce si\u0119 wy\u0142\u0105cznie na automatycznym profilowaniu i nios\u0105ce ze sob\u0105 skutki prawne dla osoby, kt\u00f3rej dane dotycz\u0105 lub podobnie na ni\u0105 wp\u0142ywa\u0142y,<\/p>\n\n\n\n<p>h\/ prawo do kontroli przetwarzania danych i informacji na temat tego, kto jest administratorem danych, a tak\u017ce uzyskania informacji o celu, zakresie i sposobie przetwarzania danych, tre\u015bci tych danych, \u017ar\u00f3dle danych, a tak\u017ce sposobie udost\u0119pniania, w tym o odbiorcach lub kategoriach odbiorc\u00f3w danych.<\/p>\n\n\n\n<p>W celu realizacji prawa do informacji, dost\u0119pu do tre\u015bci danych, ich poprawiania, a tak\u017ce innych praw, mo\u017cna skontaktowa\u0107 si\u0119 z Administratorem danych.<\/p>\n\n\n\n<p>Osoba, kt\u00f3rej dane dotycz\u0105 ma tak\u017ce prawo do wniesienia skargi do Urz\u0119du Ochrony Danych Osobowych (UODO), je\u015bli przetwarzanie danych narusza przepisy Og\u00f3lnego rozporz\u0105dzania o ochronie danych osobowych (RODO). Skarga mo\u017ce zosta\u0107 wniesiona w formie elektronicznej lub tradycyjnej na adres: Urz\u0105d Ochrony Danych Osobowych, ul. Stawki 2, 00-193 Warszawa.<\/p>\n\n\n\n<h3 id=\"kontakt-z-nami\" class=\"heading h-24\">10. Postanowienia ko\u0144cowe<\/h3>\n\n\n\n<p class=\"text\">W przypadku zmiany obowi\u0105zuj\u0105cej polityki prywatno\u015bci, w szczeg\u00f3lno\u015bci gdy b\u0119d\u0105 tego wymaga\u0142y zastosowane rozwi\u0105zania techniczne lub zmiany przepis\u00f3w prawa w zakresie prywatno\u015bci os\u00f3b, kt\u00f3rych dane dotycz\u0105, wprowadzone zostan\u0105 odpowiednie modyfikacje do niniejszej Polityki Prywatno\u015bci, kt\u00f3re b\u0119d\u0105 obowi\u0105zywa\u0142y w ci\u0105gu 14 dni od ich opublikowania na stronie Serwisu.<\/p>\n<\/div>\n<\/div>\n<\/section>\n","protected":false},"excerpt":{"rendered":"","protected":false},"author":1,"featured_media":0,"parent":0,"menu_order":0,"comment_status":"closed","ping_status":"closed","template":"","meta":{"inline_featured_image":false,"footnotes":""},"class_list":["post-3","page","type-page","status-publish","hentry"],"yoast_head":"<!-- This site is optimized with the Yoast SEO plugin v24.8 - https:\/\/yoast.com\/wordpress\/plugins\/seo\/ -->\n<title>Privacy Policy - Koda Advisory PL<\/title>\n<meta name=\"robots\" content=\"index, follow, max-snippet:-1, max-image-preview:large, max-video-preview:-1\" \/>\n<link rel=\"canonical\" href=\"https:\/\/koda-advisory.pl\/pl\/privacy-policy\/\" \/>\n<meta property=\"og:locale\" content=\"pl_PL\" \/>\n<meta property=\"og:type\" content=\"article\" \/>\n<meta property=\"og:title\" content=\"Privacy Policy - Koda Advisory PL\" \/>\n<meta property=\"og:url\" content=\"https:\/\/koda-advisory.pl\/pl\/privacy-policy\/\" \/>\n<meta property=\"og:site_name\" content=\"Koda Advisory PL\" \/>\n<meta property=\"article:publisher\" content=\"https:\/\/www.facebook.com\/Koda.Advisory\/\" \/>\n<meta property=\"article:modified_time\" content=\"2023-12-30T16:52:51+00:00\" \/>\n<meta name=\"twitter:card\" content=\"summary_large_image\" \/>\n<meta name=\"twitter:label1\" content=\"Szacowany czas czytania\" \/>\n\t<meta name=\"twitter:data1\" content=\"10 minut\" \/>\n<script type=\"application\/ld+json\" class=\"yoast-schema-graph\">{\"@context\":\"https:\/\/schema.org\",\"@graph\":[{\"@type\":\"WebPage\",\"@id\":\"https:\/\/koda-advisory.pl\/pl\/privacy-policy\/\",\"url\":\"https:\/\/koda-advisory.pl\/pl\/privacy-policy\/\",\"name\":\"Privacy Policy - Koda Advisory PL\",\"isPartOf\":{\"@id\":\"https:\/\/koda-advisory.pl\/pl\/#website\"},\"datePublished\":\"2023-06-19T07:10:53+00:00\",\"dateModified\":\"2023-12-30T16:52:51+00:00\",\"breadcrumb\":{\"@id\":\"https:\/\/koda-advisory.pl\/pl\/privacy-policy\/#breadcrumb\"},\"inLanguage\":\"pl-PL\",\"potentialAction\":[{\"@type\":\"ReadAction\",\"target\":[\"https:\/\/koda-advisory.pl\/pl\/privacy-policy\/\"]}]},{\"@type\":\"BreadcrumbList\",\"@id\":\"https:\/\/koda-advisory.pl\/pl\/privacy-policy\/#breadcrumb\",\"itemListElement\":[{\"@type\":\"ListItem\",\"position\":1,\"name\":\"Home\",\"item\":\"https:\/\/koda-advisory.pl\/pl\/\"},{\"@type\":\"ListItem\",\"position\":2,\"name\":\"Privacy Policy\"}]},{\"@type\":\"WebSite\",\"@id\":\"https:\/\/koda-advisory.pl\/pl\/#website\",\"url\":\"https:\/\/koda-advisory.pl\/pl\/\",\"name\":\"Koda Advisory PL\",\"description\":\"\",\"publisher\":{\"@id\":\"https:\/\/koda-advisory.pl\/pl\/#organization\"},\"potentialAction\":[{\"@type\":\"SearchAction\",\"target\":{\"@type\":\"EntryPoint\",\"urlTemplate\":\"https:\/\/koda-advisory.pl\/pl\/?s={search_term_string}\"},\"query-input\":{\"@type\":\"PropertyValueSpecification\",\"valueRequired\":true,\"valueName\":\"search_term_string\"}}],\"inLanguage\":\"pl-PL\"},{\"@type\":\"Organization\",\"@id\":\"https:\/\/koda-advisory.pl\/pl\/#organization\",\"name\":\"Koda Advisory\",\"url\":\"https:\/\/koda-advisory.pl\/pl\/\",\"logo\":{\"@type\":\"ImageObject\",\"inLanguage\":\"pl-PL\",\"@id\":\"https:\/\/koda-advisory.pl\/pl\/#\/schema\/logo\/image\/\",\"url\":\"https:\/\/koda-advisory.pl\/pl\/wp-content\/uploads\/sites\/2\/2023\/07\/logo-dark-blue.svg\",\"contentUrl\":\"https:\/\/koda-advisory.pl\/pl\/wp-content\/uploads\/sites\/2\/2023\/07\/logo-dark-blue.svg\",\"width\":1,\"height\":1,\"caption\":\"Koda Advisory\"},\"image\":{\"@id\":\"https:\/\/koda-advisory.pl\/pl\/#\/schema\/logo\/image\/\"},\"sameAs\":[\"https:\/\/www.facebook.com\/Koda.Advisory\/\",\"https:\/\/www.linkedin.com\/company\/99105218\"]}]}<\/script>\n<!-- \/ Yoast SEO plugin. -->","yoast_head_json":{"title":"Privacy Policy - Koda Advisory PL","robots":{"index":"index","follow":"follow","max-snippet":"max-snippet:-1","max-image-preview":"max-image-preview:large","max-video-preview":"max-video-preview:-1"},"canonical":"https:\/\/koda-advisory.pl\/pl\/privacy-policy\/","og_locale":"pl_PL","og_type":"article","og_title":"Privacy Policy - Koda Advisory PL","og_url":"https:\/\/koda-advisory.pl\/pl\/privacy-policy\/","og_site_name":"Koda Advisory PL","article_publisher":"https:\/\/www.facebook.com\/Koda.Advisory\/","article_modified_time":"2023-12-30T16:52:51+00:00","twitter_card":"summary_large_image","twitter_misc":{"Szacowany czas czytania":"10 minut"},"schema":{"@context":"https:\/\/schema.org","@graph":[{"@type":"WebPage","@id":"https:\/\/koda-advisory.pl\/pl\/privacy-policy\/","url":"https:\/\/koda-advisory.pl\/pl\/privacy-policy\/","name":"Privacy Policy - Koda Advisory PL","isPartOf":{"@id":"https:\/\/koda-advisory.pl\/pl\/#website"},"datePublished":"2023-06-19T07:10:53+00:00","dateModified":"2023-12-30T16:52:51+00:00","breadcrumb":{"@id":"https:\/\/koda-advisory.pl\/pl\/privacy-policy\/#breadcrumb"},"inLanguage":"pl-PL","potentialAction":[{"@type":"ReadAction","target":["https:\/\/koda-advisory.pl\/pl\/privacy-policy\/"]}]},{"@type":"BreadcrumbList","@id":"https:\/\/koda-advisory.pl\/pl\/privacy-policy\/#breadcrumb","itemListElement":[{"@type":"ListItem","position":1,"name":"Home","item":"https:\/\/koda-advisory.pl\/pl\/"},{"@type":"ListItem","position":2,"name":"Privacy Policy"}]},{"@type":"WebSite","@id":"https:\/\/koda-advisory.pl\/pl\/#website","url":"https:\/\/koda-advisory.pl\/pl\/","name":"Koda Advisory PL","description":"","publisher":{"@id":"https:\/\/koda-advisory.pl\/pl\/#organization"},"potentialAction":[{"@type":"SearchAction","target":{"@type":"EntryPoint","urlTemplate":"https:\/\/koda-advisory.pl\/pl\/?s={search_term_string}"},"query-input":{"@type":"PropertyValueSpecification","valueRequired":true,"valueName":"search_term_string"}}],"inLanguage":"pl-PL"},{"@type":"Organization","@id":"https:\/\/koda-advisory.pl\/pl\/#organization","name":"Koda Advisory","url":"https:\/\/koda-advisory.pl\/pl\/","logo":{"@type":"ImageObject","inLanguage":"pl-PL","@id":"https:\/\/koda-advisory.pl\/pl\/#\/schema\/logo\/image\/","url":"https:\/\/koda-advisory.pl\/pl\/wp-content\/uploads\/sites\/2\/2023\/07\/logo-dark-blue.svg","contentUrl":"https:\/\/koda-advisory.pl\/pl\/wp-content\/uploads\/sites\/2\/2023\/07\/logo-dark-blue.svg","width":1,"height":1,"caption":"Koda Advisory"},"image":{"@id":"https:\/\/koda-advisory.pl\/pl\/#\/schema\/logo\/image\/"},"sameAs":["https:\/\/www.facebook.com\/Koda.Advisory\/","https:\/\/www.linkedin.com\/company\/99105218"]}]}},"_links":{"self":[{"href":"https:\/\/koda-advisory.pl\/pl\/wp-json\/wp\/v2\/pages\/3","targetHints":{"allow":["GET"]}}],"collection":[{"href":"https:\/\/koda-advisory.pl\/pl\/wp-json\/wp\/v2\/pages"}],"about":[{"href":"https:\/\/koda-advisory.pl\/pl\/wp-json\/wp\/v2\/types\/page"}],"author":[{"embeddable":true,"href":"https:\/\/koda-advisory.pl\/pl\/wp-json\/wp\/v2\/users\/1"}],"replies":[{"embeddable":true,"href":"https:\/\/koda-advisory.pl\/pl\/wp-json\/wp\/v2\/comments?post=3"}],"version-history":[{"count":5,"href":"https:\/\/koda-advisory.pl\/pl\/wp-json\/wp\/v2\/pages\/3\/revisions"}],"predecessor-version":[{"id":1662,"href":"https:\/\/koda-advisory.pl\/pl\/wp-json\/wp\/v2\/pages\/3\/revisions\/1662"}],"wp:attachment":[{"href":"https:\/\/koda-advisory.pl\/pl\/wp-json\/wp\/v2\/media?parent=3"}],"curies":[{"name":"wp","href":"https:\/\/api.w.org\/{rel}","templated":true}]}}